{"id":1014,"date":"2023-11-01T15:33:15","date_gmt":"2023-11-01T15:33:15","guid":{"rendered":"https:\/\/www.vergleich-bausparen.de\/de\/?page_id=1014"},"modified":"2023-11-01T15:33:15","modified_gmt":"2023-11-01T15:33:15","slug":"faq-fragen-zum-vl-sparen","status":"publish","type":"page","link":"https:\/\/www.vergleich-bausparen.de\/de\/faq-fragen-zum-vl-sparen\/","title":{"rendered":"FAQ &#8211; Fragen zum VL Sparen"},"content":{"rendered":"<p><strong>FAQ zum Thema Verm\u00f6genswirksame Leistungen (VL-Sparen)!<\/strong><\/p>\n<p>Sie m\u00f6chten mehr \u00fcber verm\u00f6genswirksame Leistungen erfahren und wie Sie diese optimal f\u00fcr Ihre finanzielle Zukunft nutzen k\u00f6nnen? Dann sind Sie hier genau richtig! Unsere umfassenden FAQ bieten Ihnen wertvolle Einblicke und Antworten auf die h\u00e4ufigsten Fragen rund um das Thema VL-Sparen.<\/p>\n<p>Von den Grundlagen des VL-Sparens \u00fcber verschiedene Anlageoptionen bis hin zu spezifischen Tipps f\u00fcr die Antragstellung \u2013 wir decken alle wichtigen Aspekte ab, um Ihnen den Einstieg und die Nutzung von VL-Leistungen so einfach und verst\u00e4ndlich wie m\u00f6glich zu machen.<\/p>\n<p>Egal, ob Sie gerade erst anfangen, sich mit dem Thema auseinanderzusetzen, oder ob Sie bereits spezifische Fragen haben \u2013 unsere FAQ sind ein zuverl\u00e4ssiger Wegweiser, um das Beste aus Ihren verm\u00f6genswirksamen Leistungen herauszuholen.<\/p>\n<p><strong>Beginnen Sie jetzt und entdecken Sie, wie VL-Sparen Ihre finanzielle Zukunft positiv beeinflussen kann!<\/strong><\/p>\n<div class=\"porto-faqs porto-faqs4g65 wpb_content_element \">\r\n\t<div class=\"page-faqs clearfix wpb_custom_7fe7ddf8f1a240d6488c8a8c41279112\" id=\"porto_faqs_20zj\">\r\n\r\n\t\t\r\n\t\t\r\n\t\t<div class=\"faq-row faqs-container\">\r\n\t\t\t\r\n<div class=\"faq vl-sparen post-941 type-faq status-publish hentry faq_cat-vl-sparen\">\r\n\t<section class=\"toggle\">\r\n\t\t<label>Kann ich meinen VL-Vertrag erh\u00f6hen, wenn mein Arbeitgeber weniger als den Maximalbetrag beitr\u00e4gt?<\/label>\r\n\t\t<div class=\"toggle-content\">\r\n\t\t<h3 class=\"entry-title\" style=\"display: none;\">Kann ich meinen VL-Vertrag erh\u00f6hen, wenn mein Arbeitgeber weniger als den Maximalbetrag beitr\u00e4gt?<\/h3><span class=\"vcard\" style=\"display: none;\"><span class=\"fn\"><a href=\"https:\/\/www.vergleich-bausparen.de\/de\/author\/d-wedler\/\" title=\"Beitr\u00e4ge von d.wedler\" rel=\"author\">d.wedler<\/a><\/span><\/span><span class=\"updated\" style=\"display:none\">2023-10-11T09:44:25+00:00<\/span>Ja, Sie k\u00f6nnen Ihren VL-Vertrag aufstocken, wenn Ihr Arbeitgeber weniger als den m\u00f6glichen H\u00f6chstbetrag beitr\u00e4gt. Dies k\u00f6nnen Sie durch eigene zus\u00e4tzliche Beitr\u00e4ge tun, um die Vorteile des VL Sparens voll auszusch\u00f6pfen.\t\t<\/div>\r\n\t<\/section>\r\n<\/div>\r\n\r\n<div class=\"faq vl-sparen post-939 type-faq status-publish hentry faq_cat-vl-sparen\">\r\n\t<section class=\"toggle\">\r\n\t\t<label>Muss ich meinen VL-Fondssparplan nach Vertragsende auszahlen lassen, auch wenn gerade ein B\u00f6rsencrash stattgefunden hat?<\/label>\r\n\t\t<div class=\"toggle-content\">\r\n\t\t<h3 class=\"entry-title\" style=\"display: none;\">Muss ich meinen VL-Fondssparplan nach Vertragsende auszahlen lassen, auch wenn gerade ein B\u00f6rsencrash stattgefunden hat?<\/h3><span class=\"vcard\" style=\"display: none;\"><span class=\"fn\"><a href=\"https:\/\/www.vergleich-bausparen.de\/de\/author\/d-wedler\/\" title=\"Beitr\u00e4ge von d.wedler\" rel=\"author\">d.wedler<\/a><\/span><\/span><span class=\"updated\" style=\"display:none\">2023-10-11T09:41:50+00:00<\/span>Nein, Sie sind nicht verpflichtet, Ihren VL-Fondssparplan unmittelbar nach einem B\u00f6rsencrash oder am Ende der Vertragslaufzeit auszahlen zu lassen. Sie k\u00f6nnen entscheiden, wann der richtige Zeitpunkt f\u00fcr eine Auszahlung ist\t\t<\/div>\r\n\t<\/section>\r\n<\/div>\r\n\r\n<div class=\"faq vl-sparen post-937 type-faq status-publish hentry faq_cat-vl-sparen\">\r\n\t<section class=\"toggle\">\r\n\t\t<label>Welche Auswirkungen hat die Elternzeit auf meinen VL-Vertrag?<\/label>\r\n\t\t<div class=\"toggle-content\">\r\n\t\t<h3 class=\"entry-title\" style=\"display: none;\">Welche Auswirkungen hat die Elternzeit auf meinen VL-Vertrag?<\/h3><span class=\"vcard\" style=\"display: none;\"><span class=\"fn\"><a href=\"https:\/\/www.vergleich-bausparen.de\/de\/author\/d-wedler\/\" title=\"Beitr\u00e4ge von d.wedler\" rel=\"author\">d.wedler<\/a><\/span><\/span><span class=\"updated\" style=\"display:none\">2023-10-11T09:41:09+00:00<\/span>W\u00e4hrend der Elternzeit k\u00f6nnen sich \u00c4nderungen in Bezug auf Ihren VL-Vertrag ergeben. Es ist ratsam, sich vorab mit Ihrem Arbeitgeber und dem Vertragsanbieter in Verbindung zu setzen, um die genauen Bedingungen zu kl\u00e4ren.\t\t<\/div>\r\n\t<\/section>\r\n<\/div>\r\n\r\n<div class=\"faq vl-sparen post-935 type-faq status-publish hentry faq_cat-vl-sparen\">\r\n\t<section class=\"toggle\">\r\n\t\t<label>Ist ein vorzeitiger Ausstieg aus dem VL-Vertrag m\u00f6glich?<\/label>\r\n\t\t<div class=\"toggle-content\">\r\n\t\t<h3 class=\"entry-title\" style=\"display: none;\">Ist ein vorzeitiger Ausstieg aus dem VL-Vertrag m\u00f6glich?<\/h3><span class=\"vcard\" style=\"display: none;\"><span class=\"fn\"><a href=\"https:\/\/www.vergleich-bausparen.de\/de\/author\/d-wedler\/\" title=\"Beitr\u00e4ge von d.wedler\" rel=\"author\">d.wedler<\/a><\/span><\/span><span class=\"updated\" style=\"display:none\">2023-10-11T09:40:41+00:00<\/span>Ja, es ist m\u00f6glich, vorzeitig aus einem VL-Vertrag auszusteigen. Allerdings k\u00f6nnen dabei finanzielle Nachteile entstehen, wie der Verlust von staatlichen F\u00f6rderungen oder Geb\u00fchren seitens des Anbieters.\t\t<\/div>\r\n\t<\/section>\r\n<\/div>\r\n\r\n<div class=\"faq vl-sparen post-933 type-faq status-publish hentry faq_cat-vl-sparen\">\r\n\t<section class=\"toggle\">\r\n\t\t<label>Gilt f\u00fcr alle VL-Vertr\u00e4ge eine Laufzeit von exakt sieben Jahren?<\/label>\r\n\t\t<div class=\"toggle-content\">\r\n\t\t<h3 class=\"entry-title\" style=\"display: none;\">Gilt f\u00fcr alle VL-Vertr\u00e4ge eine Laufzeit von exakt sieben Jahren?<\/h3><span class=\"vcard\" style=\"display: none;\"><span class=\"fn\"><a href=\"https:\/\/www.vergleich-bausparen.de\/de\/author\/d-wedler\/\" title=\"Beitr\u00e4ge von d.wedler\" rel=\"author\">d.wedler<\/a><\/span><\/span><span class=\"updated\" style=\"display:none\">2023-10-11T09:39:48+00:00<\/span>Nicht unbedingt. W\u00e4hrend die typische Laufzeit eines VL-Vertrags sechs Jahre betr\u00e4gt, gefolgt von einem Ruhejahr, gibt es auch Vertr\u00e4ge mit anderen Laufzeiten. Es ist wichtig, die Vertragsbedingungen genau zu pr\u00fcfen.\t\t<\/div>\r\n\t<\/section>\r\n<\/div>\r\n\r\n<div class=\"faq vl-sparen post-931 type-faq status-publish hentry faq_cat-vl-sparen\">\r\n\t<section class=\"toggle\">\r\n\t\t<label>Kann ich meinen VL-Vertrag vorzeitig k\u00fcndigen?<\/label>\r\n\t\t<div class=\"toggle-content\">\r\n\t\t<h3 class=\"entry-title\" style=\"display: none;\">Kann ich meinen VL-Vertrag vorzeitig k\u00fcndigen?<\/h3><span class=\"vcard\" style=\"display: none;\"><span class=\"fn\"><a href=\"https:\/\/www.vergleich-bausparen.de\/de\/author\/d-wedler\/\" title=\"Beitr\u00e4ge von d.wedler\" rel=\"author\">d.wedler<\/a><\/span><\/span><span class=\"updated\" style=\"display:none\">2023-10-11T08:50:56+00:00<\/span>Ja, aber es kann zu finanziellen Nachteilen kommen, wie dem Verlust staatlicher F\u00f6rderungen oder Geb\u00fchren seitens des Anbieters.\t\t<\/div>\r\n\t<\/section>\r\n<\/div>\r\n\r\n<div class=\"faq vl-sparen post-929 type-faq status-publish hentry faq_cat-vl-sparen\">\r\n\t<section class=\"toggle\">\r\n\t\t<label>Wie lange ist die Laufzeit eines VL-Vertrags?<\/label>\r\n\t\t<div class=\"toggle-content\">\r\n\t\t<h3 class=\"entry-title\" style=\"display: none;\">Wie lange ist die Laufzeit eines VL-Vertrags?<\/h3><span class=\"vcard\" style=\"display: none;\"><span class=\"fn\"><a href=\"https:\/\/www.vergleich-bausparen.de\/de\/author\/d-wedler\/\" title=\"Beitr\u00e4ge von d.wedler\" rel=\"author\">d.wedler<\/a><\/span><\/span><span class=\"updated\" style=\"display:none\">2023-10-11T08:50:26+00:00<\/span>Die \u00fcbliche Laufzeit eines VL-Vertrags betr\u00e4gt sechs Jahre, gefolgt von einem Ruhejahr.\t\t<\/div>\r\n\t<\/section>\r\n<\/div>\r\n\r\n<div class=\"faq vl-sparen post-927 type-faq status-publish hentry faq_cat-vl-sparen\">\r\n\t<section class=\"toggle\">\r\n\t\t<label>Welche staatlichen F\u00f6rderungen gibt es f\u00fcr VL?<\/label>\r\n\t\t<div class=\"toggle-content\">\r\n\t\t<h3 class=\"entry-title\" style=\"display: none;\">Welche staatlichen F\u00f6rderungen gibt es f\u00fcr VL?<\/h3><span class=\"vcard\" style=\"display: none;\"><span class=\"fn\"><a href=\"https:\/\/www.vergleich-bausparen.de\/de\/author\/d-wedler\/\" title=\"Beitr\u00e4ge von d.wedler\" rel=\"author\">d.wedler<\/a><\/span><\/span><span class=\"updated\" style=\"display:none\">2023-10-11T08:49:37+00:00<\/span>Es gibt verschiedene staatliche Zusch\u00fcsse und F\u00f6rderungen, je nachdem, f\u00fcr welche Art von VL-Vertrag Sie sich entscheiden. Dazu geh\u00f6ren z.B. die Arbeitnehmersparzulage oder die Wohnungsbaupr\u00e4mie.\t\t<\/div>\r\n\t<\/section>\r\n<\/div>\r\n\r\n<div class=\"faq vl-sparen post-925 type-faq status-publish hentry faq_cat-vl-sparen\">\r\n\t<section class=\"toggle\">\r\n\t\t<label>Kann ich VL auch nutzen, wenn ich bereits eine Immobilie besitze?<\/label>\r\n\t\t<div class=\"toggle-content\">\r\n\t\t<h3 class=\"entry-title\" style=\"display: none;\">Kann ich VL auch nutzen, wenn ich bereits eine Immobilie besitze?<\/h3><span class=\"vcard\" style=\"display: none;\"><span class=\"fn\"><a href=\"https:\/\/www.vergleich-bausparen.de\/de\/author\/d-wedler\/\" title=\"Beitr\u00e4ge von d.wedler\" rel=\"author\">d.wedler<\/a><\/span><\/span><span class=\"updated\" style=\"display:none\">2023-10-11T08:49:11+00:00<\/span>Ja, insbesondere wenn Sie einen Kredit f\u00fcr die Immobilie abzahlen. Durch Bausparen k\u00f6nnen Sie Geld f\u00fcr die zuk\u00fcnftige Kredittilgung ansparen.\t\t<\/div>\r\n\t<\/section>\r\n<\/div>\r\n\r\n<div class=\"faq vl-sparen post-923 type-faq status-publish hentry faq_cat-vl-sparen\">\r\n\t<section class=\"toggle\">\r\n\t\t<label>Wie funktioniert Bausparen?<\/label>\r\n\t\t<div class=\"toggle-content\">\r\n\t\t<h3 class=\"entry-title\" style=\"display: none;\">Wie funktioniert Bausparen?<\/h3><span class=\"vcard\" style=\"display: none;\"><span class=\"fn\"><a href=\"https:\/\/www.vergleich-bausparen.de\/de\/author\/d-wedler\/\" title=\"Beitr\u00e4ge von d.wedler\" rel=\"author\">d.wedler<\/a><\/span><\/span><span class=\"updated\" style=\"display:none\">2023-10-11T08:48:42+00:00<\/span>Beim Bausparen schlie\u00dft man einen Vertrag mit einer Bausparkasse ab. Ein Teil des Geldes wird als Sparvertrag angelegt, w\u00e4hrend der andere Teil als sp\u00e4teres Bauspardarlehen verwendet werden kann\t\t<\/div>\r\n\t<\/section>\r\n<\/div>\r\n\t\t<\/div>\r\n\r\n\t\t\r\n\t<\/div>\r\n\r\n\t\r\n\t<\/div>\n","protected":false},"excerpt":{"rendered":"<p>FAQ zum Thema Verm\u00f6genswirksame Leistungen (VL-Sparen)! Sie m\u00f6chten mehr \u00fcber verm\u00f6genswirksame Leistungen erfahren und wie Sie diese optimal f\u00fcr Ihre finanzielle Zukunft nutzen k\u00f6nnen? Dann sind Sie hier genau richtig! Unsere umfassenden FAQ bieten Ihnen wertvolle Einblicke und Antworten auf die h\u00e4ufigsten Fragen rund um das Thema VL-Sparen. Von den Grundlagen des VL-Sparens \u00fcber verschiedene [&hellip;]<\/p>\n","protected":false},"author":2,"featured_media":0,"parent":0,"menu_order":0,"comment_status":"closed","ping_status":"closed","template":"","meta":{"footnotes":""},"class_list":["post-1014","page","type-page","status-publish","hentry"],"yoast_head":"<!-- This site is optimized with the Yoast SEO Premium plugin v19.6 (Yoast SEO v26.5) - https:\/\/yoast.com\/wordpress\/plugins\/seo\/ -->\n<title>FAQ - Fragen zum VL Sparen | Finanzmanager24<\/title>\n<meta name=\"description\" content=\"Finden Sie Antworten auf alle Fragen zum VL-Sparen: Grundlagen, Tipps und Anlagestrategien, um Ihre Finanzen effektiv zu optimieren.\" \/>\n<meta name=\"robots\" content=\"index, follow, max-snippet:-1, max-image-preview:large, max-video-preview:-1\" \/>\n<link rel=\"canonical\" href=\"https:\/\/www.vergleich-bausparen.de\/de\/faq-fragen-zum-vl-sparen\/\" \/>\n<meta property=\"og:locale\" content=\"de_DE\" \/>\n<meta property=\"og:type\" content=\"article\" \/>\n<meta property=\"og:title\" content=\"FAQ - Fragen zum VL Sparen\" \/>\n<meta property=\"og:description\" content=\"Finden Sie Antworten auf alle Fragen zum VL-Sparen: Grundlagen, Tipps und Anlagestrategien, um Ihre Finanzen effektiv zu optimieren.\" \/>\n<meta property=\"og:url\" content=\"https:\/\/www.vergleich-bausparen.de\/de\/faq-fragen-zum-vl-sparen\/\" \/>\n<meta property=\"og:site_name\" content=\"Vergleich Bausparen &amp; Baufinanzierung\" \/>\n<meta property=\"article:publisher\" content=\"https:\/\/www.facebook.com\/vergleichbausparen\/\" \/>\n<meta name=\"twitter:card\" content=\"summary_large_image\" \/>\n<meta name=\"twitter:site\" content=\"@Bausparen24\" \/>\n<meta name=\"twitter:label1\" content=\"Gesch\u00e4tzte Lesezeit\" \/>\n\t<meta name=\"twitter:data1\" content=\"1\u00a0Minute\" \/>\n<script type=\"application\/ld+json\" class=\"yoast-schema-graph\">{\"@context\":\"https:\/\/schema.org\",\"@graph\":[{\"@type\":\"WebPage\",\"@id\":\"https:\/\/www.vergleich-bausparen.de\/de\/faq-fragen-zum-vl-sparen\/\",\"url\":\"https:\/\/www.vergleich-bausparen.de\/de\/faq-fragen-zum-vl-sparen\/\",\"name\":\"FAQ - Fragen zum VL Sparen | Finanzmanager24\",\"isPartOf\":{\"@id\":\"https:\/\/www.vergleich-bausparen.de\/de\/#website\"},\"datePublished\":\"2023-11-01T15:33:15+00:00\",\"description\":\"Finden Sie Antworten auf alle Fragen zum VL-Sparen: Grundlagen, Tipps und Anlagestrategien, um Ihre Finanzen effektiv zu optimieren.\",\"breadcrumb\":{\"@id\":\"https:\/\/www.vergleich-bausparen.de\/de\/faq-fragen-zum-vl-sparen\/#breadcrumb\"},\"inLanguage\":\"de\",\"potentialAction\":[{\"@type\":\"ReadAction\",\"target\":[\"https:\/\/www.vergleich-bausparen.de\/de\/faq-fragen-zum-vl-sparen\/\"]}]},{\"@type\":\"BreadcrumbList\",\"@id\":\"https:\/\/www.vergleich-bausparen.de\/de\/faq-fragen-zum-vl-sparen\/#breadcrumb\",\"itemListElement\":[{\"@type\":\"ListItem\",\"position\":1,\"name\":\"Home\",\"item\":\"https:\/\/www.vergleich-bausparen.de\/de\/\"},{\"@type\":\"ListItem\",\"position\":2,\"name\":\"FAQ &#8211; Fragen zum VL Sparen\"}]},{\"@type\":\"WebSite\",\"@id\":\"https:\/\/www.vergleich-bausparen.de\/de\/#website\",\"url\":\"https:\/\/www.vergleich-bausparen.de\/de\/\",\"name\":\"Vergleich Bausparen &amp; Baufinanzierung\",\"description\":\"Bausparvertr\u00e4ge f\u00fcr Sparrer oder Finanzierer einfach online vergleichen - Vergleich Baufinanzierung unverbindlich anfordern und \u00fcber 450 Banken vergleichen.\",\"publisher\":{\"@id\":\"https:\/\/www.vergleich-bausparen.de\/de\/#organization\"},\"potentialAction\":[{\"@type\":\"SearchAction\",\"target\":{\"@type\":\"EntryPoint\",\"urlTemplate\":\"https:\/\/www.vergleich-bausparen.de\/de\/?s={search_term_string}\"},\"query-input\":{\"@type\":\"PropertyValueSpecification\",\"valueRequired\":true,\"valueName\":\"search_term_string\"}}],\"inLanguage\":\"de\"},{\"@type\":\"Organization\",\"@id\":\"https:\/\/www.vergleich-bausparen.de\/de\/#organization\",\"name\":\"Vergleich Bausparen & Baufinanzierung\",\"url\":\"https:\/\/www.vergleich-bausparen.de\/de\/\",\"logo\":{\"@type\":\"ImageObject\",\"inLanguage\":\"de\",\"@id\":\"https:\/\/www.vergleich-bausparen.de\/de\/#\/schema\/logo\/image\/\",\"url\":\"https:\/\/www.vergleich-bausparen.de\/de\/wp-content\/uploads\/2016\/02\/logo-1.png\",\"contentUrl\":\"https:\/\/www.vergleich-bausparen.de\/de\/wp-content\/uploads\/2016\/02\/logo-1.png\",\"width\":362,\"height\":53,\"caption\":\"Vergleich Bausparen & Baufinanzierung\"},\"image\":{\"@id\":\"https:\/\/www.vergleich-bausparen.de\/de\/#\/schema\/logo\/image\/\"},\"sameAs\":[\"https:\/\/www.facebook.com\/vergleichbausparen\/\",\"https:\/\/x.com\/Bausparen24\"]}]}<\/script>\n<!-- \/ Yoast SEO Premium plugin. -->","yoast_head_json":{"title":"FAQ - Fragen zum VL Sparen | Finanzmanager24","description":"Finden Sie Antworten auf alle Fragen zum VL-Sparen: Grundlagen, Tipps und Anlagestrategien, um Ihre Finanzen effektiv zu optimieren.","robots":{"index":"index","follow":"follow","max-snippet":"max-snippet:-1","max-image-preview":"max-image-preview:large","max-video-preview":"max-video-preview:-1"},"canonical":"https:\/\/www.vergleich-bausparen.de\/de\/faq-fragen-zum-vl-sparen\/","og_locale":"de_DE","og_type":"article","og_title":"FAQ - Fragen zum VL Sparen","og_description":"Finden Sie Antworten auf alle Fragen zum VL-Sparen: Grundlagen, Tipps und Anlagestrategien, um Ihre Finanzen effektiv zu optimieren.","og_url":"https:\/\/www.vergleich-bausparen.de\/de\/faq-fragen-zum-vl-sparen\/","og_site_name":"Vergleich Bausparen &amp; Baufinanzierung","article_publisher":"https:\/\/www.facebook.com\/vergleichbausparen\/","twitter_card":"summary_large_image","twitter_site":"@Bausparen24","twitter_misc":{"Gesch\u00e4tzte Lesezeit":"1\u00a0Minute"},"schema":{"@context":"https:\/\/schema.org","@graph":[{"@type":"WebPage","@id":"https:\/\/www.vergleich-bausparen.de\/de\/faq-fragen-zum-vl-sparen\/","url":"https:\/\/www.vergleich-bausparen.de\/de\/faq-fragen-zum-vl-sparen\/","name":"FAQ - Fragen zum VL Sparen | Finanzmanager24","isPartOf":{"@id":"https:\/\/www.vergleich-bausparen.de\/de\/#website"},"datePublished":"2023-11-01T15:33:15+00:00","description":"Finden Sie Antworten auf alle Fragen zum VL-Sparen: Grundlagen, Tipps und Anlagestrategien, um Ihre Finanzen effektiv zu optimieren.","breadcrumb":{"@id":"https:\/\/www.vergleich-bausparen.de\/de\/faq-fragen-zum-vl-sparen\/#breadcrumb"},"inLanguage":"de","potentialAction":[{"@type":"ReadAction","target":["https:\/\/www.vergleich-bausparen.de\/de\/faq-fragen-zum-vl-sparen\/"]}]},{"@type":"BreadcrumbList","@id":"https:\/\/www.vergleich-bausparen.de\/de\/faq-fragen-zum-vl-sparen\/#breadcrumb","itemListElement":[{"@type":"ListItem","position":1,"name":"Home","item":"https:\/\/www.vergleich-bausparen.de\/de\/"},{"@type":"ListItem","position":2,"name":"FAQ &#8211; Fragen zum VL Sparen"}]},{"@type":"WebSite","@id":"https:\/\/www.vergleich-bausparen.de\/de\/#website","url":"https:\/\/www.vergleich-bausparen.de\/de\/","name":"Vergleich Bausparen &amp; Baufinanzierung","description":"Bausparvertr\u00e4ge f\u00fcr Sparrer oder Finanzierer einfach online vergleichen - Vergleich Baufinanzierung unverbindlich anfordern und \u00fcber 450 Banken vergleichen.","publisher":{"@id":"https:\/\/www.vergleich-bausparen.de\/de\/#organization"},"potentialAction":[{"@type":"SearchAction","target":{"@type":"EntryPoint","urlTemplate":"https:\/\/www.vergleich-bausparen.de\/de\/?s={search_term_string}"},"query-input":{"@type":"PropertyValueSpecification","valueRequired":true,"valueName":"search_term_string"}}],"inLanguage":"de"},{"@type":"Organization","@id":"https:\/\/www.vergleich-bausparen.de\/de\/#organization","name":"Vergleich Bausparen & Baufinanzierung","url":"https:\/\/www.vergleich-bausparen.de\/de\/","logo":{"@type":"ImageObject","inLanguage":"de","@id":"https:\/\/www.vergleich-bausparen.de\/de\/#\/schema\/logo\/image\/","url":"https:\/\/www.vergleich-bausparen.de\/de\/wp-content\/uploads\/2016\/02\/logo-1.png","contentUrl":"https:\/\/www.vergleich-bausparen.de\/de\/wp-content\/uploads\/2016\/02\/logo-1.png","width":362,"height":53,"caption":"Vergleich Bausparen & Baufinanzierung"},"image":{"@id":"https:\/\/www.vergleich-bausparen.de\/de\/#\/schema\/logo\/image\/"},"sameAs":["https:\/\/www.facebook.com\/vergleichbausparen\/","https:\/\/x.com\/Bausparen24"]}]}},"_links":{"self":[{"href":"https:\/\/www.vergleich-bausparen.de\/de\/wp-json\/wp\/v2\/pages\/1014","targetHints":{"allow":["GET"]}}],"collection":[{"href":"https:\/\/www.vergleich-bausparen.de\/de\/wp-json\/wp\/v2\/pages"}],"about":[{"href":"https:\/\/www.vergleich-bausparen.de\/de\/wp-json\/wp\/v2\/types\/page"}],"author":[{"embeddable":true,"href":"https:\/\/www.vergleich-bausparen.de\/de\/wp-json\/wp\/v2\/users\/2"}],"replies":[{"embeddable":true,"href":"https:\/\/www.vergleich-bausparen.de\/de\/wp-json\/wp\/v2\/comments?post=1014"}],"version-history":[{"count":1,"href":"https:\/\/www.vergleich-bausparen.de\/de\/wp-json\/wp\/v2\/pages\/1014\/revisions"}],"predecessor-version":[{"id":1016,"href":"https:\/\/www.vergleich-bausparen.de\/de\/wp-json\/wp\/v2\/pages\/1014\/revisions\/1016"}],"wp:attachment":[{"href":"https:\/\/www.vergleich-bausparen.de\/de\/wp-json\/wp\/v2\/media?parent=1014"}],"curies":[{"name":"wp","href":"https:\/\/api.w.org\/{rel}","templated":true}]}}