{"id":218,"date":"2016-02-28T21:34:10","date_gmt":"2016-02-28T21:34:10","guid":{"rendered":"http:\/\/www.vergleich-bausparen.de\/de\/?page_id=218"},"modified":"2021-01-04T17:59:28","modified_gmt":"2021-01-04T17:59:28","slug":"impressum","status":"publish","type":"page","link":"https:\/\/www.vergleich-bausparen.de\/de\/impressum\/","title":{"rendered":"Impressum"},"content":{"rendered":"<h2>Impressum &#8211; Finanzmanager24<\/h2>\n<p>Verantwortlicher i.S.d. \u00a7 18 Abs. 2 MStV:<\/p>\n<p>Finanzmanager24<br \/>\nVertreten durch<br \/>\nHerrn Dirk Wedler<br \/>\nRingstrasse 10<br \/>\n06317 Seegebiet Mansfelder Land<\/p>\n<p>Tel.\/ Telefax: 03212 \/ 12 20 233<br \/>\nE-Mail: info@finanzmanager24.de<\/p>\n<p>Status:<\/p>\n<p>Versicherungsmakler mit Erlaubnispflicht nach \u00a7 34d Abs. 1 Gewerbeordnung, Bundesrepublik Deutschland.<\/p>\n<p>Es besteht au\u00dferdem die Erlaubnis nach \u00a7 34c Gewerbeordnung, Bundesrepublik Deutschland.<br \/>\nDie beruflichen Regelungen k\u00f6nnen \u00fcber die vom Bundesministerium der Justiz und der juris GmbH betriebenen Homepages www.gesetze-im-internet.de eingesehen und abgerufen werden.<\/p>\n<p>Vermittlerregister:<\/p>\n<p>Deutscher Industrie- und Handelskammertag (DIHK) e.V.<br \/>\nBreite Stra\u00dfe 29<br \/>\n10178 Berlin<br \/>\nTelefon: 0180-5005850<br \/>\n(14 Cent\/Min aus dem dt. Festnetz, max. 42 Cent\/Min aus Mobilfunknetzen)<\/p>\n<p>Internet: www.vermittlerregister.info<br \/>\nE-Mail: infocenter@berlin.dihk.de<\/p>\n<p>IHK-Registrierungsnummer: D-HJOD-350TN-42<br \/>\nUSt-ID-Nummer: DE 140016697<\/p>\n<p>Zust\u00e4ndige IHK:<\/p>\n<p>Industrie- und Handelskammer Halle-Dessau<br \/>\nFranckestr. 5<br \/>\n06110 Halle (Saale)<br \/>\nSachsen-Anhalt<br \/>\nTelefon0345\/2126-224<br \/>\nTelefax0345\/2179- 524<br \/>\nhttp:\/\/www.halle.ihk.de<\/p>\n<p>Zust\u00e4ndige (Gewerbe-)Beh\u00f6rde:<\/p>\n<p>Seegebiet Mansfelder Land<br \/>\nPfarrstrasse 8<br \/>\n06317 OT R\u00f6blingen am See<\/p>\n<p>Beteiligungen:<\/p>\n<p>Es bestehen keine Beteiligungen an und von Versicherungsunternehmen von mehr als 10%<\/p>\n<p>Die auf unseren Internetseiten ver\u00f6ffentlichten Informationen wurden von uns sorgf\u00e4ltig recherchiert und \u00fcberpr\u00fcft. Alle Angaben dienen der Information der Besucher unserer Internetseiten.<br \/>\nF\u00fcr die Richtigkeit, Aktualit\u00e4t und Vollst\u00e4ndigkeit k\u00f6nnen weder wir noch Dritte eine Haftung \u00fcbernehmen. Eine \u00dcberpr\u00fcfung und Aktualisierung findet in unregelm\u00e4\u00dfigen Abst\u00e4nden statt.<\/p>\n<p>Wir wollen selbstverst\u00e4ndlich keine Urheberrechte verletzen. Sollten Sie dennoch eine Verletzung von Urheberrechten auf unserer Homepage feststellen, so bitten wir um einen entsprechenden Hinweis. Wir werden den Hinweis dann umgehend pr\u00fcfen und die Urheberrechtsverletzung zeitnah von unserer Homepage entfernen.<\/p>\n","protected":false},"excerpt":{"rendered":"<p>Impressum &#8211; Finanzmanager24 Verantwortlicher i.S.d. \u00a7 18 Abs. 2 MStV: Finanzmanager24 Vertreten durch Herrn Dirk Wedler Ringstrasse 10 06317 Seegebiet Mansfelder Land Tel.\/ Telefax: 03212 \/ 12 20 233 E-Mail: info@finanzmanager24.de Status: Versicherungsmakler mit Erlaubnispflicht nach \u00a7 34d Abs. 1 Gewerbeordnung, Bundesrepublik Deutschland. Es besteht au\u00dferdem die Erlaubnis nach \u00a7 34c Gewerbeordnung, Bundesrepublik Deutschland. Die [&hellip;]<\/p>\n","protected":false},"author":4,"featured_media":0,"parent":0,"menu_order":0,"comment_status":"closed","ping_status":"closed","template":"","meta":{"footnotes":""},"class_list":["post-218","page","type-page","status-publish","hentry"],"yoast_head":"<!-- This site is optimized with the Yoast SEO Premium plugin v19.6 (Yoast SEO v26.5) - https:\/\/yoast.com\/wordpress\/plugins\/seo\/ -->\n<title>Impressum | Finanzmanager24<\/title>\n<meta name=\"robots\" content=\"index, follow, max-snippet:-1, max-image-preview:large, max-video-preview:-1\" \/>\n<link rel=\"canonical\" href=\"https:\/\/www.vergleich-bausparen.de\/de\/impressum\/\" \/>\n<meta property=\"og:locale\" content=\"de_DE\" \/>\n<meta property=\"og:type\" content=\"article\" \/>\n<meta property=\"og:title\" content=\"Impressum\" \/>\n<meta property=\"og:description\" content=\"Impressum &#8211; Finanzmanager24 Verantwortlicher i.S.d. \u00a7 18 Abs. 2 MStV: Finanzmanager24 Vertreten durch Herrn Dirk Wedler Ringstrasse 10 06317 Seegebiet Mansfelder Land Tel.\/ Telefax: 03212 \/ 12 20 233 E-Mail: info@finanzmanager24.de Status: Versicherungsmakler mit Erlaubnispflicht nach \u00a7 34d Abs. 1 Gewerbeordnung, Bundesrepublik Deutschland. Es besteht au\u00dferdem die Erlaubnis nach \u00a7 34c Gewerbeordnung, Bundesrepublik Deutschland. Die [&hellip;]\" \/>\n<meta property=\"og:url\" content=\"https:\/\/www.vergleich-bausparen.de\/de\/impressum\/\" \/>\n<meta property=\"og:site_name\" content=\"Vergleich Bausparen &amp; Baufinanzierung\" \/>\n<meta property=\"article:publisher\" content=\"https:\/\/www.facebook.com\/vergleichbausparen\/\" \/>\n<meta property=\"article:modified_time\" content=\"2021-01-04T17:59:28+00:00\" \/>\n<meta name=\"twitter:card\" content=\"summary_large_image\" \/>\n<meta name=\"twitter:site\" content=\"@Bausparen24\" \/>\n<meta name=\"twitter:label1\" content=\"Gesch\u00e4tzte Lesezeit\" \/>\n\t<meta name=\"twitter:data1\" content=\"1\u00a0Minute\" \/>\n<script type=\"application\/ld+json\" class=\"yoast-schema-graph\">{\"@context\":\"https:\/\/schema.org\",\"@graph\":[{\"@type\":\"WebPage\",\"@id\":\"https:\/\/www.vergleich-bausparen.de\/de\/impressum\/\",\"url\":\"https:\/\/www.vergleich-bausparen.de\/de\/impressum\/\",\"name\":\"Impressum | Finanzmanager24\",\"isPartOf\":{\"@id\":\"https:\/\/www.vergleich-bausparen.de\/de\/#website\"},\"datePublished\":\"2016-02-28T21:34:10+00:00\",\"dateModified\":\"2021-01-04T17:59:28+00:00\",\"breadcrumb\":{\"@id\":\"https:\/\/www.vergleich-bausparen.de\/de\/impressum\/#breadcrumb\"},\"inLanguage\":\"de\",\"potentialAction\":[{\"@type\":\"ReadAction\",\"target\":[\"https:\/\/www.vergleich-bausparen.de\/de\/impressum\/\"]}]},{\"@type\":\"BreadcrumbList\",\"@id\":\"https:\/\/www.vergleich-bausparen.de\/de\/impressum\/#breadcrumb\",\"itemListElement\":[{\"@type\":\"ListItem\",\"position\":1,\"name\":\"Home\",\"item\":\"https:\/\/www.vergleich-bausparen.de\/de\/\"},{\"@type\":\"ListItem\",\"position\":2,\"name\":\"Impressum\"}]},{\"@type\":\"WebSite\",\"@id\":\"https:\/\/www.vergleich-bausparen.de\/de\/#website\",\"url\":\"https:\/\/www.vergleich-bausparen.de\/de\/\",\"name\":\"Vergleich Bausparen &amp; Baufinanzierung\",\"description\":\"Bausparvertr\u00e4ge f\u00fcr Sparrer oder Finanzierer einfach online vergleichen - Vergleich Baufinanzierung unverbindlich anfordern und \u00fcber 450 Banken vergleichen.\",\"publisher\":{\"@id\":\"https:\/\/www.vergleich-bausparen.de\/de\/#organization\"},\"potentialAction\":[{\"@type\":\"SearchAction\",\"target\":{\"@type\":\"EntryPoint\",\"urlTemplate\":\"https:\/\/www.vergleich-bausparen.de\/de\/?s={search_term_string}\"},\"query-input\":{\"@type\":\"PropertyValueSpecification\",\"valueRequired\":true,\"valueName\":\"search_term_string\"}}],\"inLanguage\":\"de\"},{\"@type\":\"Organization\",\"@id\":\"https:\/\/www.vergleich-bausparen.de\/de\/#organization\",\"name\":\"Vergleich Bausparen & Baufinanzierung\",\"url\":\"https:\/\/www.vergleich-bausparen.de\/de\/\",\"logo\":{\"@type\":\"ImageObject\",\"inLanguage\":\"de\",\"@id\":\"https:\/\/www.vergleich-bausparen.de\/de\/#\/schema\/logo\/image\/\",\"url\":\"https:\/\/www.vergleich-bausparen.de\/de\/wp-content\/uploads\/2016\/02\/logo-1.png\",\"contentUrl\":\"https:\/\/www.vergleich-bausparen.de\/de\/wp-content\/uploads\/2016\/02\/logo-1.png\",\"width\":362,\"height\":53,\"caption\":\"Vergleich Bausparen & Baufinanzierung\"},\"image\":{\"@id\":\"https:\/\/www.vergleich-bausparen.de\/de\/#\/schema\/logo\/image\/\"},\"sameAs\":[\"https:\/\/www.facebook.com\/vergleichbausparen\/\",\"https:\/\/x.com\/Bausparen24\"]}]}<\/script>\n<!-- \/ Yoast SEO Premium plugin. -->","yoast_head_json":{"title":"Impressum | Finanzmanager24","robots":{"index":"index","follow":"follow","max-snippet":"max-snippet:-1","max-image-preview":"max-image-preview:large","max-video-preview":"max-video-preview:-1"},"canonical":"https:\/\/www.vergleich-bausparen.de\/de\/impressum\/","og_locale":"de_DE","og_type":"article","og_title":"Impressum","og_description":"Impressum &#8211; Finanzmanager24 Verantwortlicher i.S.d. \u00a7 18 Abs. 2 MStV: Finanzmanager24 Vertreten durch Herrn Dirk Wedler Ringstrasse 10 06317 Seegebiet Mansfelder Land Tel.\/ Telefax: 03212 \/ 12 20 233 E-Mail: info@finanzmanager24.de Status: Versicherungsmakler mit Erlaubnispflicht nach \u00a7 34d Abs. 1 Gewerbeordnung, Bundesrepublik Deutschland. Es besteht au\u00dferdem die Erlaubnis nach \u00a7 34c Gewerbeordnung, Bundesrepublik Deutschland. Die [&hellip;]","og_url":"https:\/\/www.vergleich-bausparen.de\/de\/impressum\/","og_site_name":"Vergleich Bausparen &amp; Baufinanzierung","article_publisher":"https:\/\/www.facebook.com\/vergleichbausparen\/","article_modified_time":"2021-01-04T17:59:28+00:00","twitter_card":"summary_large_image","twitter_site":"@Bausparen24","twitter_misc":{"Gesch\u00e4tzte Lesezeit":"1\u00a0Minute"},"schema":{"@context":"https:\/\/schema.org","@graph":[{"@type":"WebPage","@id":"https:\/\/www.vergleich-bausparen.de\/de\/impressum\/","url":"https:\/\/www.vergleich-bausparen.de\/de\/impressum\/","name":"Impressum | Finanzmanager24","isPartOf":{"@id":"https:\/\/www.vergleich-bausparen.de\/de\/#website"},"datePublished":"2016-02-28T21:34:10+00:00","dateModified":"2021-01-04T17:59:28+00:00","breadcrumb":{"@id":"https:\/\/www.vergleich-bausparen.de\/de\/impressum\/#breadcrumb"},"inLanguage":"de","potentialAction":[{"@type":"ReadAction","target":["https:\/\/www.vergleich-bausparen.de\/de\/impressum\/"]}]},{"@type":"BreadcrumbList","@id":"https:\/\/www.vergleich-bausparen.de\/de\/impressum\/#breadcrumb","itemListElement":[{"@type":"ListItem","position":1,"name":"Home","item":"https:\/\/www.vergleich-bausparen.de\/de\/"},{"@type":"ListItem","position":2,"name":"Impressum"}]},{"@type":"WebSite","@id":"https:\/\/www.vergleich-bausparen.de\/de\/#website","url":"https:\/\/www.vergleich-bausparen.de\/de\/","name":"Vergleich Bausparen &amp; Baufinanzierung","description":"Bausparvertr\u00e4ge f\u00fcr Sparrer oder Finanzierer einfach online vergleichen - Vergleich Baufinanzierung unverbindlich anfordern und \u00fcber 450 Banken vergleichen.","publisher":{"@id":"https:\/\/www.vergleich-bausparen.de\/de\/#organization"},"potentialAction":[{"@type":"SearchAction","target":{"@type":"EntryPoint","urlTemplate":"https:\/\/www.vergleich-bausparen.de\/de\/?s={search_term_string}"},"query-input":{"@type":"PropertyValueSpecification","valueRequired":true,"valueName":"search_term_string"}}],"inLanguage":"de"},{"@type":"Organization","@id":"https:\/\/www.vergleich-bausparen.de\/de\/#organization","name":"Vergleich Bausparen & Baufinanzierung","url":"https:\/\/www.vergleich-bausparen.de\/de\/","logo":{"@type":"ImageObject","inLanguage":"de","@id":"https:\/\/www.vergleich-bausparen.de\/de\/#\/schema\/logo\/image\/","url":"https:\/\/www.vergleich-bausparen.de\/de\/wp-content\/uploads\/2016\/02\/logo-1.png","contentUrl":"https:\/\/www.vergleich-bausparen.de\/de\/wp-content\/uploads\/2016\/02\/logo-1.png","width":362,"height":53,"caption":"Vergleich Bausparen & Baufinanzierung"},"image":{"@id":"https:\/\/www.vergleich-bausparen.de\/de\/#\/schema\/logo\/image\/"},"sameAs":["https:\/\/www.facebook.com\/vergleichbausparen\/","https:\/\/x.com\/Bausparen24"]}]}},"_links":{"self":[{"href":"https:\/\/www.vergleich-bausparen.de\/de\/wp-json\/wp\/v2\/pages\/218","targetHints":{"allow":["GET"]}}],"collection":[{"href":"https:\/\/www.vergleich-bausparen.de\/de\/wp-json\/wp\/v2\/pages"}],"about":[{"href":"https:\/\/www.vergleich-bausparen.de\/de\/wp-json\/wp\/v2\/types\/page"}],"author":[{"embeddable":true,"href":"https:\/\/www.vergleich-bausparen.de\/de\/wp-json\/wp\/v2\/users\/4"}],"replies":[{"embeddable":true,"href":"https:\/\/www.vergleich-bausparen.de\/de\/wp-json\/wp\/v2\/comments?post=218"}],"version-history":[{"count":3,"href":"https:\/\/www.vergleich-bausparen.de\/de\/wp-json\/wp\/v2\/pages\/218\/revisions"}],"predecessor-version":[{"id":796,"href":"https:\/\/www.vergleich-bausparen.de\/de\/wp-json\/wp\/v2\/pages\/218\/revisions\/796"}],"wp:attachment":[{"href":"https:\/\/www.vergleich-bausparen.de\/de\/wp-json\/wp\/v2\/media?parent=218"}],"curies":[{"name":"wp","href":"https:\/\/api.w.org\/{rel}","templated":true}]}}