{"id":422,"date":"2016-10-24T13:49:06","date_gmt":"2016-10-24T13:49:06","guid":{"rendered":"http:\/\/www.vergleich-bausparen.de\/de\/?page_id=422"},"modified":"2025-06-02T13:33:08","modified_gmt":"2025-06-02T13:33:08","slug":"angebot-signal-iduna-bauspar-ag","status":"publish","type":"page","link":"https:\/\/www.vergleich-bausparen.de\/de\/angebot-signal-iduna-bauspar-ag\/","title":{"rendered":"Angebot Signal Iduna Bauspar AG"},"content":{"rendered":"<section class=\"wpb-content-wrapper\"><p>[vc_row][vc_column width=&#8220;1\/2&#8243;][vc_single_image source=&#8220;external_link&#8220; custom_src=&#8220;http:\/\/www.vergleich-bausparen.de\/img\/logo\/signal-iduna.png&#8220;][\/vc_column][vc_column width=&#8220;1\/2&#8243;][vc_column_text]<strong>Ein Tarif mit flexiblen Wechselm\u00f6glichkeiten<br \/>\n<\/strong><\/p>\n<ul>\n<li>keine Kontof\u00fchrungsgeb\u00fchr<\/li>\n<li>keine Darlehensgeb\u00fchr<\/li>\n<li>1% laufende Verzinsung<\/li>\n<li>bis zu 70 % der Bausparsumme als Darlehensanspruch<\/li>\n<li>zinsg\u00fcnstiges Bauspardarlehen schon ab 2 % p.a. nominal*<\/li>\n<li>nur 1 % monatliche Zinsrate und Tilgungsrate des Anfangsdarlehens<\/li>\n<\/ul>\n<p>[\/vc_column_text][\/vc_column][\/vc_row][vc_row][vc_column offset=&#8220;vc_col-xs-12&#8243;][vc_empty_space][vc_custom_heading text=&#8220;<strong>Angebot Bausparvertrag &#8211; Signal Iduna Bauspar AG<\/strong>&#8220; use_theme_fonts=&#8220;yes&#8220;][vc_separator color=&#8220;custom&#8220; gradient=&#8220;yes&#8220;][vc_raw_js]JTNDZGl2JTIwaWQlM0QlMjJ6Zl9kaXZfLW9HZVRiMXFmZ3hiNDVMYkNaNTF4RHprR1dPV0dSYXZOYnlhSkx4bmdhYyUyMiUzRSUzQyUyRmRpdiUzRSUzQ3NjcmlwdCUyMHR5cGUlM0QlMjJ0ZXh0JTJGamF2YXNjcmlwdCUyMiUzRSUyOGZ1bmN0aW9uJTI4JTI5JTIwJTdCJTBBdHJ5JTdCJTBBdmFyJTIwZiUyMCUzRCUyMGRvY3VtZW50LmNyZWF0ZUVsZW1lbnQlMjglMjJpZnJhbWUlMjIlMjklM0IlMEFmLnNyYyUyMCUzRCUyMCUyN2h0dHBzJTNBJTJGJTJGZm9ybXMuZmluYW56bWFuYWdlcjI0LmRlJTJGZm0yNCUyRmZvcm0lMkZCYXVzcGFyZW4lMkZmb3JtcGVybWElMkYtb0dlVGIxcWZneGI0NUxiQ1o1MXhEemtHV09XR1Jhdk5ieWFKTHhuZ2FjJTNGemZfcnN6Zm0lM0QxJTI3JTNCJTBBZi5zdHlsZS5ib3JkZXIlM0QlMjJub25lJTIyJTNCJTBBZi5zdHlsZS5oZWlnaHQlM0QlMjIxNjI5cHglMjIlM0IlMEFmLnN0eWxlLndpZHRoJTNEJTIyOTAlMjUlMjIlM0IlMEFmLnN0eWxlLnRyYW5zaXRpb24lM0QlMjJhbGwlMjAwLjVzJTIwZWFzZSUyMiUzQiUwQWYuc2V0QXR0cmlidXRlJTI4JTIyYXJpYS1sYWJlbCUyMiUyQyUyMCUyN0JhdXNwYXJlbiUyNyUyOSUzQiUwQWYuc2V0QXR0cmlidXRlJTI4JTIyYWxsb3clMjIlMkMlMjJnZW9sb2NhdGlvbiUzQiUyMiUyOSUzQiUwQXZhciUyMGQlMjAlM0QlMjBkb2N1bWVudC5nZXRFbGVtZW50QnlJZCUyOCUyMnpmX2Rpdl8tb0dlVGIxcWZneGI0NUxiQ1o1MXhEemtHV09XR1Jhdk5ieWFKTHhuZ2FjJTIyJTI5JTNCJTBBZC5hcHBlbmRDaGlsZCUyOGYlMjklM0IlMEF3aW5kb3cuYWRkRXZlbnRMaXN0ZW5lciUyOCUyN21lc3NhZ2UlMjclMkMlMjBmdW5jdGlvbiUyMCUyOCUyOSU3QiUwQXZhciUyMGV2bnREYXRhJTIwJTNEJTIwZXZlbnQuZGF0YSUzQiUwQWlmJTI4JTIwZXZudERhdGElMjAlMjYlMjYlMjBldm50RGF0YS5jb25zdHJ1Y3RvciUyMCUzRCUzRCUyMFN0cmluZyUyMCUyOSU3QiUwQXZhciUyMHpmX2lmcm1fZGF0YSUyMCUzRCUyMGV2bnREYXRhLnNwbGl0JTI4JTIyJTdDJTIyJTI5JTNCJTBBaWYlMjAlMjglMjB6Zl9pZnJtX2RhdGEubGVuZ3RoJTIwJTNEJTNEJTIwMiUyMCU3QyU3QyUyMHpmX2lmcm1fZGF0YS5sZW5ndGglMjAlM0QlM0QlMjAzJTIwJTI5JTIwJTdCJTBBdmFyJTIwemZfcGVybWElMjAlM0QlMjB6Zl9pZnJtX2RhdGElNUIwJTVEJTNCJTBBdmFyJTIwemZfaWZybV9odF9udyUyMCUzRCUyMCUyOCUyMHBhcnNlSW50JTI4emZfaWZybV9kYXRhJTVCMSU1RCUyQyUyMDEwJTI5JTIwJTJCJTIwMTUlMjAlMjklMjAlMkIlMjAlMjJweCUyMiUzQiUwQXZhciUyMGlmcmFtZSUyMCUzRCUyMGRvY3VtZW50LmdldEVsZW1lbnRCeUlkJTI4JTIyemZfZGl2Xy1vR2VUYjFxZmd4YjQ1TGJDWjUxeER6a0dXT1dHUmF2TmJ5YUpMeG5nYWMlMjIlMjkuZ2V0RWxlbWVudHNCeVRhZ05hbWUlMjglMjJpZnJhbWUlMjIlMjklNUIwJTVEJTNCJTBBaWYlMjAlMjglMjAlMjhpZnJhbWUuc3JjJTI5LmluZGV4T2YlMjglMjdmb3JtcGVybWElMjclMjklMjAlM0UlMjAwJTIwJTI2JTI2JTIwJTI4aWZyYW1lLnNyYyUyOS5pbmRleE9mJTI4emZfcGVybWElMjklMjAlM0UlMjAwJTIwJTI5JTIwJTdCJTBBdmFyJTIwcHJldklmcmFtZUhlaWdodCUyMCUzRCUyMGlmcmFtZS5zdHlsZS5oZWlnaHQlM0IlMEF2YXIlMjB6Zl90b3V0JTIwJTNEJTIwZmFsc2UlM0IlMEFpZiUyOCUyMHpmX2lmcm1fZGF0YS5sZW5ndGglMjAlM0QlM0QlMjAzJTIwJTI5JTIwJTdCJTBBaWZyYW1lLnNjcm9sbEludG9WaWV3JTI4JTI5JTNCJTBBemZfdG91dCUyMCUzRCUyMHRydWUlM0IlMEElN0QlMEFpZiUyMCUyOCUyMHByZXZJZnJhbWVIZWlnaHQlMjAlMjElM0QlMjB6Zl9pZnJtX2h0X253JTIwJTI5JTIwJTdCJTBBaWYlMjglMjB6Zl90b3V0JTIwJTI5JTIwJTdCJTBBc2V0VGltZW91dCUyOGZ1bmN0aW9uJTI4JTI5JTdCJTBBaWZyYW1lLnN0eWxlLmhlaWdodCUyMCUzRCUyMHpmX2lmcm1faHRfbnclM0IlMEElN0QlMkM1MDAlMjklM0IlMEElN0QlMjBlbHNlJTIwJTdCJTBBaWZyYW1lLnN0eWxlLmhlaWdodCUyMCUzRCUyMHpmX2lmcm1faHRfbnclM0IlMEElN0QlMEElN0QlMEElN0QlMEElN0QlMEElN0QlMEElN0QlMkMlMjBmYWxzZSUyOSUzQiUwQSU3RGNhdGNoJTI4ZSUyOSU3QiU3RCUwQSU3RCUyOSUyOCUyOSUzQiUzQyUyRnNjcmlwdCUzRQ==[\/vc_raw_js][\/vc_column][\/vc_row][vc_row wrap_container=&#8220;yes&#8220; is_section=&#8220;yes&#8220; section_skin=&#8220;parallax&#8220; remove_margin_top=&#8220;yes&#8220; remove_margin_bottom=&#8220;yes&#8220;][vc_column][vc_custom_heading text=&#8220;Angebot <strong>Bausparvertrag Signal Iduna Bauspar AG<\/strong>&#8220; font_container=&#8220;tag:h4|text_align:left&#8220; use_theme_fonts=&#8220;yes&#8220; skin=&#8220;primary&#8220; el_class=&#8220;m-t&#8220;][vc_column_text]Bitte tragen Sie alle Daten im Formular ein damit wir Ihr Angebot individuelle berechnen k\u00f6nnen. Nach dem absenden Ihrer Anfrage erhalten Sie in der Regel innerhalb von 24 Stunden das gew\u00fcnschte Angebot. F\u00fcr Fragen zum Angebot oder k\u00f6nnen Sie uns auch gern anrufen oder eine Nachricht senden.[\/vc_column_text][vc_separator color=&#8220;custom&#8220; gradient=&#8220;yes&#8220;][\/vc_column][\/vc_row][vc_row][vc_column width=&#8220;1\/2&#8243;][vc_custom_heading text=&#8220;Kontakt f\u00fcr Ihre <strong>Anfragen<\/strong>&#8220; font_container=&#8220;tag:h4|text_align:left&#8220; use_theme_fonts=&#8220;yes&#8220; skin=&#8220;primary&#8220;][vc_column_text]<strong>Telefon: 0800 80 800 24<\/strong> (geb\u00fchrenfrei)<\/p>\n<p><strong>E-Mail: anfrage@finanzmanager24.de<\/strong>[\/vc_column_text][\/vc_column][vc_column width=&#8220;1\/2&#8243;][vc_custom_heading text=&#8220;Unsere <strong>Gesch\u00e4ftszeiten<\/strong>&#8220; font_container=&#8220;tag:h4|text_align:left&#8220; use_theme_fonts=&#8220;yes&#8220; skin=&#8220;primary&#8220;][vc_column_text]<strong>Montag bis Freitag von 09:00 bis 19:00 Uhr<\/strong><\/p>\n<p>sowie nach Vereinbarung[\/vc_column_text][\/vc_column][\/vc_row]<\/p>\n<\/section>","protected":false},"excerpt":{"rendered":"<p>[vc_row][vc_column width=&#8220;1\/2&#8243;][vc_single_image source=&#8220;external_link&#8220; custom_src=&#8220;http:\/\/www.vergleich-bausparen.de\/img\/logo\/signal-iduna.png&#8220;][\/vc_column][vc_column width=&#8220;1\/2&#8243;][vc_column_text]Ein Tarif mit flexiblen Wechselm\u00f6glichkeiten keine Kontof\u00fchrungsgeb\u00fchr keine Darlehensgeb\u00fchr 1% laufende Verzinsung bis zu 70 % der Bausparsumme als Darlehensanspruch zinsg\u00fcnstiges Bauspardarlehen schon ab 2 % p.a. nominal* nur 1 % monatliche Zinsrate und Tilgungsrate des Anfangsdarlehens [\/vc_column_text][\/vc_column][\/vc_row][vc_row][vc_column offset=&#8220;vc_col-xs-12&#8243;][vc_empty_space][vc_custom_heading text=&#8220;Angebot Bausparvertrag &#8211; Signal Iduna Bauspar AG&#8220; use_theme_fonts=&#8220;yes&#8220;][vc_separator color=&#8220;custom&#8220; gradient=&#8220;yes&#8220;][vc_raw_js]JTNDZGl2JTIwaWQlM0QlMjJ6Zl9kaXZfLW9HZVRiMXFmZ3hiNDVMYkNaNTF4RHprR1dPV0dSYXZOYnlhSkx4bmdhYyUyMiUzRSUzQyUyRmRpdiUzRSUzQ3NjcmlwdCUyMHR5cGUlM0QlMjJ0ZXh0JTJGamF2YXNjcmlwdCUyMiUzRSUyOGZ1bmN0aW9uJTI4JTI5JTIwJTdCJTBBdHJ5JTdCJTBBdmFyJTIwZiUyMCUzRCUyMGRvY3VtZW50LmNyZWF0ZUVsZW1lbnQlMjglMjJpZnJhbWUlMjIlMjklM0IlMEFmLnNyYyUyMCUzRCUyMCUyN2h0dHBzJTNBJTJGJTJGZm9ybXMuZmluYW56bWFuYWdlcjI0LmRlJTJGZm0yNCUyRmZvcm0lMkZCYXVzcGFyZW4lMkZmb3JtcGVybWElMkYtb0dlVGIxcWZneGI0NUxiQ1o1MXhEemtHV09XR1Jhdk5ieWFKTHhuZ2FjJTNGemZfcnN6Zm0lM0QxJTI3JTNCJTBBZi5zdHlsZS5ib3JkZXIlM0QlMjJub25lJTIyJTNCJTBBZi5zdHlsZS5oZWlnaHQlM0QlMjIxNjI5cHglMjIlM0IlMEFmLnN0eWxlLndpZHRoJTNEJTIyOTAlMjUlMjIlM0IlMEFmLnN0eWxlLnRyYW5zaXRpb24lM0QlMjJhbGwlMjAwLjVzJTIwZWFzZSUyMiUzQiUwQWYuc2V0QXR0cmlidXRlJTI4JTIyYXJpYS1sYWJlbCUyMiUyQyUyMCUyN0JhdXNwYXJlbiUyNyUyOSUzQiUwQWYuc2V0QXR0cmlidXRlJTI4JTIyYWxsb3clMjIlMkMlMjJnZW9sb2NhdGlvbiUzQiUyMiUyOSUzQiUwQXZhciUyMGQlMjAlM0QlMjBkb2N1bWVudC5nZXRFbGVtZW50QnlJZCUyOCUyMnpmX2Rpdl8tb0dlVGIxcWZneGI0NUxiQ1o1MXhEemtHV09XR1Jhdk5ieWFKTHhuZ2FjJTIyJTI5JTNCJTBBZC5hcHBlbmRDaGlsZCUyOGYlMjklM0IlMEF3aW5kb3cuYWRkRXZlbnRMaXN0ZW5lciUyOCUyN21lc3NhZ2UlMjclMkMlMjBmdW5jdGlvbiUyMCUyOCUyOSU3QiUwQXZhciUyMGV2bnREYXRhJTIwJTNEJTIwZXZlbnQuZGF0YSUzQiUwQWlmJTI4JTIwZXZudERhdGElMjAlMjYlMjYlMjBldm50RGF0YS5jb25zdHJ1Y3RvciUyMCUzRCUzRCUyMFN0cmluZyUyMCUyOSU3QiUwQXZhciUyMHpmX2lmcm1fZGF0YSUyMCUzRCUyMGV2bnREYXRhLnNwbGl0JTI4JTIyJTdDJTIyJTI5JTNCJTBBaWYlMjAlMjglMjB6Zl9pZnJtX2RhdGEubGVuZ3RoJTIwJTNEJTNEJTIwMiUyMCU3QyU3QyUyMHpmX2lmcm1fZGF0YS5sZW5ndGglMjAlM0QlM0QlMjAzJTIwJTI5JTIwJTdCJTBBdmFyJTIwemZfcGVybWElMjAlM0QlMjB6Zl9pZnJtX2RhdGElNUIwJTVEJTNCJTBBdmFyJTIwemZfaWZybV9odF9udyUyMCUzRCUyMCUyOCUyMHBhcnNlSW50JTI4emZfaWZybV9kYXRhJTVCMSU1RCUyQyUyMDEwJTI5JTIwJTJCJTIwMTUlMjAlMjklMjAlMkIlMjAlMjJweCUyMiUzQiUwQXZhciUyMGlmcmFtZSUyMCUzRCUyMGRvY3VtZW50LmdldEVsZW1lbnRCeUlkJTI4JTIyemZfZGl2Xy1vR2VUYjFxZmd4YjQ1TGJDWjUxeER6a0dXT1dHUmF2TmJ5YUpMeG5nYWMlMjIlMjkuZ2V0RWxlbWVudHNCeVRhZ05hbWUlMjglMjJpZnJhbWUlMjIlMjklNUIwJTVEJTNCJTBBaWYlMjAlMjglMjAlMjhpZnJhbWUuc3JjJTI5LmluZGV4T2YlMjglMjdmb3JtcGVybWElMjclMjklMjAlM0UlMjAwJTIwJTI2JTI2JTIwJTI4aWZyYW1lLnNyYyUyOS5pbmRleE9mJTI4emZfcGVybWElMjklMjAlM0UlMjAwJTIwJTI5JTIwJTdCJTBBdmFyJTIwcHJldklmcmFtZUhlaWdodCUyMCUzRCUyMGlmcmFtZS5zdHlsZS5oZWlnaHQlM0IlMEF2YXIlMjB6Zl90b3V0JTIwJTNEJTIwZmFsc2UlM0IlMEFpZiUyOCUyMHpmX2lmcm1fZGF0YS5sZW5ndGglMjAlM0QlM0QlMjAzJTIwJTI5JTIwJTdCJTBBaWZyYW1lLnNjcm9sbEludG9WaWV3JTI4JTI5JTNCJTBBemZfdG91dCUyMCUzRCUyMHRydWUlM0IlMEElN0QlMEFpZiUyMCUyOCUyMHByZXZJZnJhbWVIZWlnaHQlMjAlMjElM0QlMjB6Zl9pZnJtX2h0X253JTIwJTI5JTIwJTdCJTBBaWYlMjglMjB6Zl90b3V0JTIwJTI5JTIwJTdCJTBBc2V0VGltZW91dCUyOGZ1bmN0aW9uJTI4JTI5JTdCJTBBaWZyYW1lLnN0eWxlLmhlaWdodCUyMCUzRCUyMHpmX2lmcm1faHRfbnclM0IlMEElN0QlMkM1MDAlMjklM0IlMEElN0QlMjBlbHNlJTIwJTdCJTBBaWZyYW1lLnN0eWxlLmhlaWdodCUyMCUzRCUyMHpmX2lmcm1faHRfbnclM0IlMEElN0QlMEElN0QlMEElN0QlMEElN0QlMEElN0QlMEElN0QlMkMlMjBmYWxzZSUyOSUzQiUwQSU3RGNhdGNoJTI4ZSUyOSU3QiU3RCUwQSU3RCUyOSUyOCUyOSUzQiUzQyUyRnNjcmlwdCUzRQ==[\/vc_raw_js][\/vc_column][\/vc_row][vc_row wrap_container=&#8220;yes&#8220; is_section=&#8220;yes&#8220; [&hellip;]<\/p>\n","protected":false},"author":4,"featured_media":0,"parent":0,"menu_order":0,"comment_status":"closed","ping_status":"closed","template":"","meta":{"footnotes":""},"class_list":["post-422","page","type-page","status-publish","hentry"],"yoast_head":"<!-- This site is optimized with the Yoast SEO Premium plugin v19.6 (Yoast SEO v26.5) - https:\/\/yoast.com\/wordpress\/plugins\/seo\/ -->\n<title>Angebot Signal Iduna Bauspar AG<\/title>\n<meta name=\"description\" content=\"Fordern Sie kostenfrei und unverbindlich ein Angebot f\u00fcr einen Bausparvertrag der Signal Iduna Bauspar AG\" \/>\n<meta name=\"robots\" content=\"index, follow, max-snippet:-1, max-image-preview:large, max-video-preview:-1\" \/>\n<link rel=\"canonical\" href=\"https:\/\/www.vergleich-bausparen.de\/de\/angebot-signal-iduna-bauspar-ag\/\" \/>\n<meta property=\"og:locale\" content=\"de_DE\" \/>\n<meta property=\"og:type\" content=\"article\" \/>\n<meta property=\"og:title\" content=\"Angebot Signal Iduna Bauspar AG\" \/>\n<meta property=\"og:description\" content=\"Fordern Sie kostenfrei und unverbindlich ein Angebot f\u00fcr einen Bausparvertrag der Signal Iduna Bauspar AG\" \/>\n<meta property=\"og:url\" content=\"https:\/\/www.vergleich-bausparen.de\/de\/angebot-signal-iduna-bauspar-ag\/\" \/>\n<meta property=\"og:site_name\" content=\"Vergleich Bausparen &amp; Baufinanzierung\" \/>\n<meta property=\"article:publisher\" content=\"https:\/\/www.facebook.com\/vergleichbausparen\/\" \/>\n<meta property=\"article:modified_time\" content=\"2025-06-02T13:33:08+00:00\" \/>\n<meta name=\"twitter:card\" content=\"summary_large_image\" \/>\n<meta name=\"twitter:site\" content=\"@Bausparen24\" \/>\n<meta name=\"twitter:label1\" content=\"Gesch\u00e4tzte Lesezeit\" \/>\n\t<meta name=\"twitter:data1\" content=\"1\u00a0Minute\" \/>\n<script type=\"application\/ld+json\" class=\"yoast-schema-graph\">{\"@context\":\"https:\/\/schema.org\",\"@graph\":[{\"@type\":\"WebPage\",\"@id\":\"https:\/\/www.vergleich-bausparen.de\/de\/angebot-signal-iduna-bauspar-ag\/\",\"url\":\"https:\/\/www.vergleich-bausparen.de\/de\/angebot-signal-iduna-bauspar-ag\/\",\"name\":\"Angebot Signal Iduna Bauspar AG\",\"isPartOf\":{\"@id\":\"https:\/\/www.vergleich-bausparen.de\/de\/#website\"},\"datePublished\":\"2016-10-24T13:49:06+00:00\",\"dateModified\":\"2025-06-02T13:33:08+00:00\",\"description\":\"Fordern Sie kostenfrei und unverbindlich ein Angebot f\u00fcr einen Bausparvertrag der Signal Iduna Bauspar AG\",\"breadcrumb\":{\"@id\":\"https:\/\/www.vergleich-bausparen.de\/de\/angebot-signal-iduna-bauspar-ag\/#breadcrumb\"},\"inLanguage\":\"de\",\"potentialAction\":[{\"@type\":\"ReadAction\",\"target\":[\"https:\/\/www.vergleich-bausparen.de\/de\/angebot-signal-iduna-bauspar-ag\/\"]}]},{\"@type\":\"BreadcrumbList\",\"@id\":\"https:\/\/www.vergleich-bausparen.de\/de\/angebot-signal-iduna-bauspar-ag\/#breadcrumb\",\"itemListElement\":[{\"@type\":\"ListItem\",\"position\":1,\"name\":\"Home\",\"item\":\"https:\/\/www.vergleich-bausparen.de\/de\/\"},{\"@type\":\"ListItem\",\"position\":2,\"name\":\"Angebot Signal Iduna Bauspar AG\"}]},{\"@type\":\"WebSite\",\"@id\":\"https:\/\/www.vergleich-bausparen.de\/de\/#website\",\"url\":\"https:\/\/www.vergleich-bausparen.de\/de\/\",\"name\":\"Vergleich Bausparen &amp; Baufinanzierung\",\"description\":\"Bausparvertr\u00e4ge f\u00fcr Sparrer oder Finanzierer einfach online vergleichen - Vergleich Baufinanzierung unverbindlich anfordern und \u00fcber 450 Banken vergleichen.\",\"publisher\":{\"@id\":\"https:\/\/www.vergleich-bausparen.de\/de\/#organization\"},\"potentialAction\":[{\"@type\":\"SearchAction\",\"target\":{\"@type\":\"EntryPoint\",\"urlTemplate\":\"https:\/\/www.vergleich-bausparen.de\/de\/?s={search_term_string}\"},\"query-input\":{\"@type\":\"PropertyValueSpecification\",\"valueRequired\":true,\"valueName\":\"search_term_string\"}}],\"inLanguage\":\"de\"},{\"@type\":\"Organization\",\"@id\":\"https:\/\/www.vergleich-bausparen.de\/de\/#organization\",\"name\":\"Vergleich Bausparen & Baufinanzierung\",\"url\":\"https:\/\/www.vergleich-bausparen.de\/de\/\",\"logo\":{\"@type\":\"ImageObject\",\"inLanguage\":\"de\",\"@id\":\"https:\/\/www.vergleich-bausparen.de\/de\/#\/schema\/logo\/image\/\",\"url\":\"https:\/\/www.vergleich-bausparen.de\/de\/wp-content\/uploads\/2016\/02\/logo-1.png\",\"contentUrl\":\"https:\/\/www.vergleich-bausparen.de\/de\/wp-content\/uploads\/2016\/02\/logo-1.png\",\"width\":362,\"height\":53,\"caption\":\"Vergleich Bausparen & Baufinanzierung\"},\"image\":{\"@id\":\"https:\/\/www.vergleich-bausparen.de\/de\/#\/schema\/logo\/image\/\"},\"sameAs\":[\"https:\/\/www.facebook.com\/vergleichbausparen\/\",\"https:\/\/x.com\/Bausparen24\"]}]}<\/script>\n<!-- \/ Yoast SEO Premium plugin. -->","yoast_head_json":{"title":"Angebot Signal Iduna Bauspar AG","description":"Fordern Sie kostenfrei und unverbindlich ein Angebot f\u00fcr einen Bausparvertrag der Signal Iduna Bauspar AG","robots":{"index":"index","follow":"follow","max-snippet":"max-snippet:-1","max-image-preview":"max-image-preview:large","max-video-preview":"max-video-preview:-1"},"canonical":"https:\/\/www.vergleich-bausparen.de\/de\/angebot-signal-iduna-bauspar-ag\/","og_locale":"de_DE","og_type":"article","og_title":"Angebot Signal Iduna Bauspar AG","og_description":"Fordern Sie kostenfrei und unverbindlich ein Angebot f\u00fcr einen Bausparvertrag der Signal Iduna Bauspar AG","og_url":"https:\/\/www.vergleich-bausparen.de\/de\/angebot-signal-iduna-bauspar-ag\/","og_site_name":"Vergleich Bausparen &amp; Baufinanzierung","article_publisher":"https:\/\/www.facebook.com\/vergleichbausparen\/","article_modified_time":"2025-06-02T13:33:08+00:00","twitter_card":"summary_large_image","twitter_site":"@Bausparen24","twitter_misc":{"Gesch\u00e4tzte Lesezeit":"1\u00a0Minute"},"schema":{"@context":"https:\/\/schema.org","@graph":[{"@type":"WebPage","@id":"https:\/\/www.vergleich-bausparen.de\/de\/angebot-signal-iduna-bauspar-ag\/","url":"https:\/\/www.vergleich-bausparen.de\/de\/angebot-signal-iduna-bauspar-ag\/","name":"Angebot Signal Iduna Bauspar AG","isPartOf":{"@id":"https:\/\/www.vergleich-bausparen.de\/de\/#website"},"datePublished":"2016-10-24T13:49:06+00:00","dateModified":"2025-06-02T13:33:08+00:00","description":"Fordern Sie kostenfrei und unverbindlich ein Angebot f\u00fcr einen Bausparvertrag der Signal Iduna Bauspar AG","breadcrumb":{"@id":"https:\/\/www.vergleich-bausparen.de\/de\/angebot-signal-iduna-bauspar-ag\/#breadcrumb"},"inLanguage":"de","potentialAction":[{"@type":"ReadAction","target":["https:\/\/www.vergleich-bausparen.de\/de\/angebot-signal-iduna-bauspar-ag\/"]}]},{"@type":"BreadcrumbList","@id":"https:\/\/www.vergleich-bausparen.de\/de\/angebot-signal-iduna-bauspar-ag\/#breadcrumb","itemListElement":[{"@type":"ListItem","position":1,"name":"Home","item":"https:\/\/www.vergleich-bausparen.de\/de\/"},{"@type":"ListItem","position":2,"name":"Angebot Signal Iduna Bauspar AG"}]},{"@type":"WebSite","@id":"https:\/\/www.vergleich-bausparen.de\/de\/#website","url":"https:\/\/www.vergleich-bausparen.de\/de\/","name":"Vergleich Bausparen &amp; Baufinanzierung","description":"Bausparvertr\u00e4ge f\u00fcr Sparrer oder Finanzierer einfach online vergleichen - Vergleich Baufinanzierung unverbindlich anfordern und \u00fcber 450 Banken vergleichen.","publisher":{"@id":"https:\/\/www.vergleich-bausparen.de\/de\/#organization"},"potentialAction":[{"@type":"SearchAction","target":{"@type":"EntryPoint","urlTemplate":"https:\/\/www.vergleich-bausparen.de\/de\/?s={search_term_string}"},"query-input":{"@type":"PropertyValueSpecification","valueRequired":true,"valueName":"search_term_string"}}],"inLanguage":"de"},{"@type":"Organization","@id":"https:\/\/www.vergleich-bausparen.de\/de\/#organization","name":"Vergleich Bausparen & Baufinanzierung","url":"https:\/\/www.vergleich-bausparen.de\/de\/","logo":{"@type":"ImageObject","inLanguage":"de","@id":"https:\/\/www.vergleich-bausparen.de\/de\/#\/schema\/logo\/image\/","url":"https:\/\/www.vergleich-bausparen.de\/de\/wp-content\/uploads\/2016\/02\/logo-1.png","contentUrl":"https:\/\/www.vergleich-bausparen.de\/de\/wp-content\/uploads\/2016\/02\/logo-1.png","width":362,"height":53,"caption":"Vergleich Bausparen & Baufinanzierung"},"image":{"@id":"https:\/\/www.vergleich-bausparen.de\/de\/#\/schema\/logo\/image\/"},"sameAs":["https:\/\/www.facebook.com\/vergleichbausparen\/","https:\/\/x.com\/Bausparen24"]}]}},"_links":{"self":[{"href":"https:\/\/www.vergleich-bausparen.de\/de\/wp-json\/wp\/v2\/pages\/422","targetHints":{"allow":["GET"]}}],"collection":[{"href":"https:\/\/www.vergleich-bausparen.de\/de\/wp-json\/wp\/v2\/pages"}],"about":[{"href":"https:\/\/www.vergleich-bausparen.de\/de\/wp-json\/wp\/v2\/types\/page"}],"author":[{"embeddable":true,"href":"https:\/\/www.vergleich-bausparen.de\/de\/wp-json\/wp\/v2\/users\/4"}],"replies":[{"embeddable":true,"href":"https:\/\/www.vergleich-bausparen.de\/de\/wp-json\/wp\/v2\/comments?post=422"}],"version-history":[{"count":8,"href":"https:\/\/www.vergleich-bausparen.de\/de\/wp-json\/wp\/v2\/pages\/422\/revisions"}],"predecessor-version":[{"id":1176,"href":"https:\/\/www.vergleich-bausparen.de\/de\/wp-json\/wp\/v2\/pages\/422\/revisions\/1176"}],"wp:attachment":[{"href":"https:\/\/www.vergleich-bausparen.de\/de\/wp-json\/wp\/v2\/media?parent=422"}],"curies":[{"name":"wp","href":"https:\/\/api.w.org\/{rel}","templated":true}]}}