{"id":504,"date":"2016-11-04T10:51:35","date_gmt":"2016-11-04T10:51:35","guid":{"rendered":"http:\/\/www.vergleich-bausparen.de\/de\/?page_id=504"},"modified":"2023-09-28T10:30:46","modified_gmt":"2023-09-28T10:30:46","slug":"downloads","status":"publish","type":"page","link":"https:\/\/www.vergleich-bausparen.de\/de\/downloads\/","title":{"rendered":"Downloads &#8211; Serviceformulare der Bausparkassen"},"content":{"rendered":"<h3>Downloads\u00a0Flyer Brosch\u00fcren und Serviceformulare der Bausparkassen<\/h3>\n<div class=\"prettyFileList\"  data-filesperpage=\"10\"><div class=\"prettyFileBar\"><a href=\"#\" class=\"showFilterBtn float_right corePrettyStyle btn\">Filter<\/a><a href=\"#\" class=\"showSortingBtn float_right corePrettyStyle btn\">Sort<\/a><div class=\"prettyFileFilters\"><ul class=\"unstyled\"><li><a href=\"\" data-filter-type=\"img\" class=\"imgFilter img showing\">Image<\/a><\/li><li><a href=\"\" data-filter-type=\"pdf\" class=\"pdfFilter pdf showing\">PDF<\/a><\/li><li><a href=\"\" data-filter-type=\"xls\" class=\"xlsFilter xls showing\">Excel<\/a><\/li><li><a href=\"\" data-filter-type=\"doc\" class=\"docFilter doc showing\">Word<\/a><\/li><li><a href=\"\" data-filter-type=\"ppt\" class=\"pptFilter ppt showing\">Powerpoint<\/a><\/li><li><a href=\"\" data-filter-type=\"zip\" class=\"zipFilter zip showing\">Zip<\/a><\/li><li><a href=\"\" data-filter-type=\"mp3\" class=\"mp3Filter mp3 showing\">MP3<\/a><\/li><li><a href=\"\" data-filter-type=\"mp4\" class=\"mp4Filter mp4 showing\">MP4<\/a><\/li><\/ul><p class=\"bar\"><a href=\"#\" class=\"cross\">Close<\/a><\/p><\/div><div class=\"prettyFileSorting\" ><ul class=\"unstyled\"><li><a href=\"\" data-sort-type=\"bydate\" data-sort-direction=\"asc\" class=\"asc\">By Date<\/a><\/li><li><a href=\"\" data-sort-type=\"bytitle\">By Name<\/a><\/li><li><a href=\"\" data-sort-type=\"bytype\" class=\"\">By Type<\/a><\/li><\/ul><p class=\"bar\"><a href=\"#\" class=\"cross\">Close<\/a><\/p><\/div><div class=\"prettyFileListSearch\"><label style=\"display:none;\">Search<\/label><input type=\"text\" value=\"Search...\" class=\"prettySearchValue\" \/><a class=\"doPrettySearch btn corePrettyStyle\">Go<\/a><a class=\"clearSearch btn corePrettyStyle hidden\">Clear<\/a><\/div><\/div><div class=\"prettyMessage\" style=\"display:none\"><span><\/span><a href=\"#\" class=\"btn\">Show all files<\/a><\/div><div class=\"prettyListItems loading\"><a href=\"http:\/\/www.223725.webhosting54.1blu.de\/pdf\/Aachener-Bausparkasse-SEPA-Lastschriftmandat.pdf\" class=\"pdf prettylink corePrettyStyle\"  target=\"_blank\" data-tags=\"aachener-bauspar-ag,bhw\" data-date=\"1477267200\"> <span class=\"float_right\" >&nbsp;|&nbsp;Size: 70 KB<\/span> <span class=\"float_right\">24th Oct 2016<\/span> <span class=\"fileTitle\">Aachener Bausparkasse SEPA-Lastschriftmandat<\/span> <\/a><a href=\"http:\/\/www.223725.webhosting54.1blu.de\/pdf\/Achener-Bauspar-AG-Flyer-Bausparen.pdf\" class=\"pdf prettylink corePrettyStyle\"  target=\"_blank\" data-tags=\"aachener-bauspar-ag\" data-date=\"1477267200\"> <span class=\"float_right\" >&nbsp;|&nbsp;Size: 2 MB<\/span> <span class=\"float_right\">24th Oct 2016<\/span> <span class=\"fileTitle\">Achener Bauspar AG Flyer Bausparen<\/span> <\/a><a href=\"http:\/\/223725.webhosting54.1blu.de\/pdf\/Alte-Leipziger-100-Gute-Gruende-fuer-Bausparen.pdf\" class=\"pdf prettylink corePrettyStyle\"  target=\"_blank\" data-tags=\"alte-leipziger\" data-date=\"1477267200\"> <span class=\"float_right\" >&nbsp;|&nbsp;Size: 602 KB<\/span> <span class=\"float_right\">24th Oct 2016<\/span> <span class=\"fileTitle\">Alte Leipziger 100 Gute Gr\u00fcnde f\u00fcr Bausparen<\/span> <\/a><a href=\"http:\/\/223725.webhosting54.1blu.de\/pdf\/Alte-Leipziger-Flyer-Bausparen.pdf\" class=\"pdf prettylink corePrettyStyle\"  target=\"_blank\" data-tags=\"alte-leipziger\" data-date=\"1477267200\"> <span class=\"float_right\" >&nbsp;|&nbsp;Size: 138 KB<\/span> <span class=\"float_right\">24th Oct 2016<\/span> <span class=\"fileTitle\">Alte Leipziger Flyer Bausparen<\/span> <\/a><a href=\"http:\/\/223725.webhosting54.1blu.de\/pdf\/Alte-Leipziger-Flyer-Modernisierungsvorsorge.pdf\" class=\"pdf prettylink corePrettyStyle\"  target=\"_blank\" data-tags=\"alte-leipziger\" data-date=\"1477267200\"> <span class=\"float_right\" >&nbsp;|&nbsp;Size: 259 KB<\/span> <span class=\"float_right\">24th Oct 2016<\/span> <span class=\"fileTitle\">Alte Leipziger Flyer Modernisierungsvorsorge<\/span> <\/a><a href=\"http:\/\/223725.webhosting54.1blu.de\/pdf\/Alte-Leipziger-Flyer-Wohnungsbaupraemie.pdf\" class=\"pdf prettylink corePrettyStyle\"  target=\"_blank\" data-tags=\"alte-leipziger\" data-date=\"1477267200\"> <span class=\"float_right\" >&nbsp;|&nbsp;Size: 117 KB<\/span> <span class=\"float_right\">24th Oct 2016<\/span> <span class=\"fileTitle\">Alte Leipziger Flyer Wohnungsbaupraemie<\/span> <\/a><a href=\"http:\/\/223725.webhosting54.1blu.de\/pdf\/Alte-Leipziger-Flyer-Zins-Stop.pdf\" class=\"pdf prettylink corePrettyStyle\"  target=\"_blank\" data-tags=\"alte-leipziger\" data-date=\"1477267200\"> <span class=\"float_right\" >&nbsp;|&nbsp;Size: 1 MB<\/span> <span class=\"float_right\">24th Oct 2016<\/span> <span class=\"fileTitle\">Alte Leipziger Flyer Zins Stop<\/span> <\/a><a href=\"http:\/\/www.223725.webhosting54.1blu.de\/pdf\/Alte-Leipziger-Freistellungsauftrag.pdf\" class=\"pdf prettylink corePrettyStyle\"  target=\"_blank\" data-tags=\"alte-leipziger,service\" data-date=\"1477267200\"> <span class=\"float_right\" >&nbsp;|&nbsp;Size: 172 KB<\/span> <span class=\"float_right\">24th Oct 2016<\/span> <span class=\"fileTitle\">Alte Leipziger Freistellungsauftrag<\/span> <\/a><a href=\"http:\/\/223725.webhosting54.1blu.de\/pdf\/Alte-Leipziger-Imageprospekt-Alte-Leipziger-BSK.pdf\" class=\"pdf prettylink corePrettyStyle\"  target=\"_blank\" data-tags=\"alte-leipziger\" data-date=\"1477267200\"> <span class=\"float_right\" >&nbsp;|&nbsp;Size: 308 KB<\/span> <span class=\"float_right\">24th Oct 2016<\/span> <span class=\"fileTitle\">Alte Leipziger Imageprospekt Alte Leipziger BSK<\/span> <\/a><a href=\"http:\/\/www.223725.webhosting54.1blu.de\/pdf\/Bausparkasse-Mainz-AG-Tarif_H_maxLine_07_2015.pdf\" class=\"pdf prettylink corePrettyStyle\"  target=\"_blank\" data-tags=\"bausparkasse-mainz-ag\" data-date=\"1477267200\"> <span class=\"float_right\" >&nbsp;|&nbsp;Size: 292 KB<\/span> <span class=\"float_right\">24th Oct 2016<\/span> <span class=\"fileTitle\">Bausparkasse Mainz AG Tarif H maxLine<\/span> <\/a><a href=\"http:\/\/www.223725.webhosting54.1blu.de\/pdf\/BHW-Erklaerung-Zuteilung.pdf\" class=\"pdf prettylink corePrettyStyle\"  target=\"_blank\" data-tags=\"bhw,service\" data-date=\"1477267200\"> <span class=\"float_right\" >&nbsp;|&nbsp;Size: 248 KB<\/span> <span class=\"float_right\">24th Oct 2016<\/span> <span class=\"fileTitle\">BHW Erkl\u00e4rung Zuteilung<\/span> <\/a><a href=\"http:\/\/www.223725.webhosting54.1blu.de\/pdf\/BHW-Freistellungsauftrag.pdf\" class=\"pdf prettylink corePrettyStyle\"  target=\"_blank\" data-tags=\"bhw,service\" data-date=\"1477267200\"> <span class=\"float_right\" >&nbsp;|&nbsp;Size: 54 KB<\/span> <span class=\"float_right\">24th Oct 2016<\/span> <span class=\"fileTitle\">BHW Freistellungsauftrag<\/span> <\/a><a href=\"http:\/\/223725.webhosting54.1blu.de\/pdf\/BHW-Flyer-KomfortBausparen.pdf\" class=\"pdf prettylink corePrettyStyle\"  target=\"_blank\" data-tags=\"bhw\" data-date=\"1477267200\"> <span class=\"float_right\" >&nbsp;|&nbsp;Size: 435 KB<\/span> <span class=\"float_right\">24th Oct 2016<\/span> <span class=\"fileTitle\">BHW Komfort Bausparen<\/span> <\/a><a href=\"http:\/\/www.223725.webhosting54.1blu.de\/pdf\/BHW-Mitinhaberantrag.pdf\" class=\"pdf prettylink corePrettyStyle\"  target=\"_blank\" data-tags=\"bhw,service\" data-date=\"1477267200\"> <span class=\"float_right\" >&nbsp;|&nbsp;Size: 273 KB<\/span> <span class=\"float_right\">24th Oct 2016<\/span> <span class=\"fileTitle\">BHW Mitinhaberantrag<\/span> <\/a><a href=\"http:\/\/223725.webhosting54.1blu.de\/pdf\/BHW-Flyer-Modernisierungsdarlehen.pdf\" class=\"pdf prettylink corePrettyStyle\"  target=\"_blank\" data-tags=\"bhw\" data-date=\"1477267200\"> <span class=\"float_right\" >&nbsp;|&nbsp;Size: 476 KB<\/span> <span class=\"float_right\">24th Oct 2016<\/span> <span class=\"fileTitle\">BHW Modernisierungsdalehen<\/span> <\/a><a href=\"http:\/\/www.223725.webhosting54.1blu.de\/pdf\/BHW-Serviceformular.pdf\" class=\"pdf prettylink corePrettyStyle\"  target=\"_blank\" data-tags=\"bhw,service\" data-date=\"1477267200\"> <span class=\"float_right\" >&nbsp;|&nbsp;Size: 79 KB<\/span> <span class=\"float_right\">24th Oct 2016<\/span> <span class=\"fileTitle\">BHW Serviceformular<\/span> <\/a><a href=\"http:\/\/223725.webhosting54.1blu.de\/pdf\/BHW-Flyer-WohnBausparen.pdf\" class=\"pdf prettylink corePrettyStyle\"  target=\"_blank\" data-tags=\"bhw\" data-date=\"1477267200\"> <span class=\"float_right\" >&nbsp;|&nbsp;Size: 433 KB<\/span> <span class=\"float_right\">24th Oct 2016<\/span> <span class=\"fileTitle\">BHW Wohn Bausparen<\/span> <\/a><a href=\"http:\/\/223725.webhosting54.1blu.de\/pdf\/BHW-Flyer-WohnBausparen-Plus.pdf\" class=\"pdf prettylink corePrettyStyle\"  target=\"_blank\" data-tags=\"bhw\" data-date=\"1477267200\"> <span class=\"float_right\" >&nbsp;|&nbsp;Size: 396 KB<\/span> <span class=\"float_right\">24th Oct 2016<\/span> <span class=\"fileTitle\">BHW Wonh Bausparen Plus<\/span> <\/a><a href=\"http:\/\/www.223725.webhosting54.1blu.de\/pdf\/Deutscher-Ring-Aenderungsformular.pdf\" class=\"pdf prettylink corePrettyStyle\"  target=\"_blank\" data-tags=\"bhw,deutscher-ring\" data-date=\"1477267200\"> <span class=\"float_right\" >&nbsp;|&nbsp;Size: 539 KB<\/span> <span class=\"float_right\">24th Oct 2016<\/span> <span class=\"fileTitle\">Deutscher Ring \u00c4nderungsformular<\/span> <\/a><a href=\"http:\/\/223725.webhosting54.1blu.de\/pdf\/Deutscher-Ring-Highlightblatt-FlexiGeldplan.pdf\" class=\"pdf prettylink corePrettyStyle\"  target=\"_blank\" data-tags=\"deutscher-ring\" data-date=\"1477267200\"> <span class=\"float_right\" >&nbsp;|&nbsp;Size: 298 KB<\/span> <span class=\"float_right\">24th Oct 2016<\/span> <span class=\"fileTitle\">Deutscher Ring Flexi Geldplan<\/span> <\/a><a href=\"http:\/\/www.223725.webhosting54.1blu.de\/pdf\/Deutscher-Ring-Freistellungsauftrag.pdf\" class=\"pdf prettylink corePrettyStyle\"  target=\"_blank\" data-tags=\"deutscher-ring,service\" data-date=\"1477267200\"> <span class=\"float_right\" >&nbsp;|&nbsp;Size: 751 KB<\/span> <span class=\"float_right\">24th Oct 2016<\/span> <span class=\"fileTitle\">Deutscher Ring Freistellungsauftrag<\/span> <\/a><a href=\"http:\/\/www.223725.webhosting54.1blu.de\/pdf\/Deutscher-Ring-SEPA-Lastschrifmandat.pdf\" class=\"pdf prettylink corePrettyStyle\"  target=\"_blank\" data-tags=\"deutscher-ring,service\" data-date=\"1477267200\"> <span class=\"float_right\" >&nbsp;|&nbsp;Size: <\/span> <span class=\"float_right\">24th Oct 2016<\/span> <span class=\"fileTitle\">Deutscher Ring SEPA-Lastschrifmandat<\/span> <\/a><a href=\"http:\/\/223725.webhosting54.1blu.de\/pdf\/Deutscher-Ring-Highlightblatt-Tarif-FT.pdf\" class=\"pdf prettylink corePrettyStyle\"  target=\"_blank\" data-tags=\"deutscher-ring\" data-date=\"1477267200\"> <span class=\"float_right\" >&nbsp;|&nbsp;Size: 532 KB<\/span> <span class=\"float_right\">24th Oct 2016<\/span> <span class=\"fileTitle\">Deutscher Ring Tarif FT<\/span> <\/a><a href=\"http:\/\/www.223725.webhosting54.1blu.de\/pdf\/Signal-Iduna-Freistellungsauftrag.pdf\" class=\"pdf prettylink corePrettyStyle\"  target=\"_blank\" data-tags=\"service,signal-iduna\" data-date=\"1477267200\"> <span class=\"float_right\" >&nbsp;|&nbsp;Size: 98 KB<\/span> <span class=\"float_right\">24th Oct 2016<\/span> <span class=\"fileTitle\">Signal Iduna Freistellungsauftrag<\/span> <\/a><a href=\"http:\/\/www.223725.webhosting54.1blu.de\/pdf\/Signal-Iduna-Kundenauftrag-Bausparkasse.pdf\" class=\"pdf prettylink corePrettyStyle\"  target=\"_blank\" data-tags=\"service,signal-iduna\" data-date=\"1477267200\"> <span class=\"float_right\" >&nbsp;|&nbsp;Size: 54 KB<\/span> <span class=\"float_right\">24th Oct 2016<\/span> <span class=\"fileTitle\">Signal Iduna Kundenauftrag Bausparkasse<\/span> <\/a><a href=\"http:\/\/www.223725.webhosting54.1blu.de\/pdf\/Signal-Iduna-SEPA-Mandatsformular.pdf\" class=\"pdf prettylink corePrettyStyle\"  target=\"_blank\" data-tags=\"service,signal-iduna\" data-date=\"1477267200\"> <span class=\"float_right\" >&nbsp;|&nbsp;Size: 169 KB<\/span> <span class=\"float_right\">24th Oct 2016<\/span> <span class=\"fileTitle\">Signal Iduna SEPA-Mandatsformular<\/span> <\/a><a href=\"http:\/\/www.223725.webhosting54.1blu.de\/pdf\/Wuestenrot-Aenderungsformular.pdf\" class=\"pdf prettylink corePrettyStyle\"  target=\"_blank\" data-tags=\"service,wuestenrot\" data-date=\"1477267200\"> <span class=\"float_right\" >&nbsp;|&nbsp;Size: 64 KB<\/span> <span class=\"float_right\">24th Oct 2016<\/span> <span class=\"fileTitle\">Wuestenrot \u00c4nderungsformular<\/span> <\/a><a href=\"http:\/\/www.223725.webhosting54.1blu.de\/pdf\/Wuestenrot-Freistellungsauftrag.pdf\" class=\"pdf prettylink corePrettyStyle\"  target=\"_blank\" data-tags=\"wuestenrot\" data-date=\"1477267200\"> <span class=\"float_right\" >&nbsp;|&nbsp;Size: 72 KB<\/span> <span class=\"float_right\">24th Oct 2016<\/span> <span class=\"fileTitle\">Wuestenrot Freistellungsauftrag<\/span> <\/a><a href=\"http:\/\/www.223725.webhosting54.1blu.de\/pdf\/Wuestenrot-SEPA-Lastschriftmandat.pdf\" class=\"pdf prettylink corePrettyStyle\"  target=\"_blank\" data-tags=\"wuestenrot\" data-date=\"1477267200\"> <span class=\"float_right\" >&nbsp;|&nbsp;Size: 87 KB<\/span> <span class=\"float_right\">24th Oct 2016<\/span> <span class=\"fileTitle\">Wuestenrot SEPA-Lastschriftmandat<\/span> <\/a><a href=\"http:\/\/223725.webhosting54.1blu.de\/pdf\/Wuestenrot-Flyer-Jugendbausparen.pdf\" class=\"pdf prettylink corePrettyStyle\"  target=\"_blank\" data-tags=\"wuestenrot\" data-date=\"1477267200\"> <span class=\"float_right\" >&nbsp;|&nbsp;Size: 399 KB<\/span> <span class=\"float_right\">24th Oct 2016<\/span> <span class=\"fileTitle\">W\u00fcstenrot Jugendbausparen<\/span> <\/a><a href=\"http:\/\/223725.webhosting54.1blu.de\/pdf\/Wuestenrot-Flyer-Wonsparen-Komfort.pdf\" class=\"pdf prettylink corePrettyStyle\"  target=\"_blank\" data-tags=\"wuestenrot\" data-date=\"1477267200\"> <span class=\"float_right\" >&nbsp;|&nbsp;Size: 194 KB<\/span> <span class=\"float_right\">24th Oct 2016<\/span> <span class=\"fileTitle\">W\u00fcstenrot Wohnsparen Komfort<\/span> <\/a><a href=\"http:\/\/223725.webhosting54.1blu.de\/pdf\/Wuestenrot-Flyer-Wohnsparen-Kompakt.pdf\" class=\"pdf prettylink corePrettyStyle\"  target=\"_blank\" data-tags=\"wuestenrot\" data-date=\"1477267200\"> <span class=\"float_right\" >&nbsp;|&nbsp;Size: 302 KB<\/span> <span class=\"float_right\">24th Oct 2016<\/span> <span class=\"fileTitle\">W\u00fcstenrot Wohnsparen Kompakt<\/span> <\/a><a href=\"http:\/\/223725.webhosting54.1blu.de\/pdf\/Wuestenrot-Flyer-Wohnsparen-Trend.pdf\" class=\"pdf prettylink corePrettyStyle\"  target=\"_blank\" data-tags=\"wuestenrot\" data-date=\"1477267200\"> <span class=\"float_right\" >&nbsp;|&nbsp;Size: 203 KB<\/span> <span class=\"float_right\">24th Oct 2016<\/span> <span class=\"fileTitle\">W\u00fcstenrot Wohnsparen Trend<\/span> <\/a><\/div><div class=\"prettyPagination\"><a href=\"#\" class=\"pfl_next btn corePrettyStyle\">Next &raquo;<\/a><span class=\"pagingInfo\">Page <span class=\"currentPage\">1<\/span> of <span class=\"totalPages\"><\/span><\/span><a href=\"#\" class=\"pfl_prev btn disabled corePrettyStyle\">&laquo; Prev<\/a><\/div><\/div>\n","protected":false},"excerpt":{"rendered":"<p>Downloads\u00a0Flyer Brosch\u00fcren und Serviceformulare der Bausparkassen<\/p>\n","protected":false},"author":4,"featured_media":0,"parent":0,"menu_order":0,"comment_status":"closed","ping_status":"closed","template":"","meta":{"footnotes":""},"class_list":["post-504","page","type-page","status-publish","hentry"],"yoast_head":"<!-- This site is optimized with the Yoast SEO Premium plugin v19.6 (Yoast SEO v26.5) - https:\/\/yoast.com\/wordpress\/plugins\/seo\/ -->\n<title>Downloads - Serviceformulare der Bausparkassen<\/title>\n<meta name=\"description\" content=\"Downloads\u00a0Flyer Brosch\u00fcren und Serviceformulare der Bausparkassen und Banken. Informationen und Vertrags\u00e4nderungen f\u00fcr unsere Kunden.\" \/>\n<meta name=\"robots\" content=\"index, follow, max-snippet:-1, max-image-preview:large, max-video-preview:-1\" \/>\n<link rel=\"canonical\" href=\"https:\/\/www.vergleich-bausparen.de\/de\/downloads\/\" \/>\n<meta property=\"og:locale\" content=\"de_DE\" \/>\n<meta property=\"og:type\" content=\"article\" \/>\n<meta property=\"og:title\" content=\"Downloads - Serviceformulare der Bausparkassen\" \/>\n<meta property=\"og:description\" content=\"Downloads\u00a0Flyer Brosch\u00fcren und Serviceformulare der Bausparkassen und Banken. Informationen und Vertrags\u00e4nderungen f\u00fcr unsere Kunden.\" \/>\n<meta property=\"og:url\" content=\"https:\/\/www.vergleich-bausparen.de\/de\/downloads\/\" \/>\n<meta property=\"og:site_name\" content=\"Vergleich Bausparen &amp; Baufinanzierung\" \/>\n<meta property=\"article:publisher\" content=\"https:\/\/www.facebook.com\/vergleichbausparen\/\" \/>\n<meta property=\"article:modified_time\" content=\"2023-09-28T10:30:46+00:00\" \/>\n<meta name=\"twitter:card\" content=\"summary_large_image\" \/>\n<meta name=\"twitter:site\" content=\"@Bausparen24\" \/>\n<meta name=\"twitter:label1\" content=\"Gesch\u00e4tzte Lesezeit\" \/>\n\t<meta name=\"twitter:data1\" content=\"1\u00a0Minute\" \/>\n<script type=\"application\/ld+json\" class=\"yoast-schema-graph\">{\"@context\":\"https:\/\/schema.org\",\"@graph\":[{\"@type\":\"WebPage\",\"@id\":\"https:\/\/www.vergleich-bausparen.de\/de\/downloads\/\",\"url\":\"https:\/\/www.vergleich-bausparen.de\/de\/downloads\/\",\"name\":\"Downloads - Serviceformulare der Bausparkassen\",\"isPartOf\":{\"@id\":\"https:\/\/www.vergleich-bausparen.de\/de\/#website\"},\"datePublished\":\"2016-11-04T10:51:35+00:00\",\"dateModified\":\"2023-09-28T10:30:46+00:00\",\"description\":\"Downloads\u00a0Flyer Brosch\u00fcren und Serviceformulare der Bausparkassen und Banken. Informationen und Vertrags\u00e4nderungen f\u00fcr unsere Kunden.\",\"breadcrumb\":{\"@id\":\"https:\/\/www.vergleich-bausparen.de\/de\/downloads\/#breadcrumb\"},\"inLanguage\":\"de\",\"potentialAction\":[{\"@type\":\"ReadAction\",\"target\":[\"https:\/\/www.vergleich-bausparen.de\/de\/downloads\/\"]}]},{\"@type\":\"BreadcrumbList\",\"@id\":\"https:\/\/www.vergleich-bausparen.de\/de\/downloads\/#breadcrumb\",\"itemListElement\":[{\"@type\":\"ListItem\",\"position\":1,\"name\":\"Home\",\"item\":\"https:\/\/www.vergleich-bausparen.de\/de\/\"},{\"@type\":\"ListItem\",\"position\":2,\"name\":\"Downloads &#8211; Serviceformulare der Bausparkassen\"}]},{\"@type\":\"WebSite\",\"@id\":\"https:\/\/www.vergleich-bausparen.de\/de\/#website\",\"url\":\"https:\/\/www.vergleich-bausparen.de\/de\/\",\"name\":\"Vergleich Bausparen &amp; Baufinanzierung\",\"description\":\"Bausparvertr\u00e4ge f\u00fcr Sparrer oder Finanzierer einfach online vergleichen - Vergleich Baufinanzierung unverbindlich anfordern und \u00fcber 450 Banken vergleichen.\",\"publisher\":{\"@id\":\"https:\/\/www.vergleich-bausparen.de\/de\/#organization\"},\"potentialAction\":[{\"@type\":\"SearchAction\",\"target\":{\"@type\":\"EntryPoint\",\"urlTemplate\":\"https:\/\/www.vergleich-bausparen.de\/de\/?s={search_term_string}\"},\"query-input\":{\"@type\":\"PropertyValueSpecification\",\"valueRequired\":true,\"valueName\":\"search_term_string\"}}],\"inLanguage\":\"de\"},{\"@type\":\"Organization\",\"@id\":\"https:\/\/www.vergleich-bausparen.de\/de\/#organization\",\"name\":\"Vergleich Bausparen & Baufinanzierung\",\"url\":\"https:\/\/www.vergleich-bausparen.de\/de\/\",\"logo\":{\"@type\":\"ImageObject\",\"inLanguage\":\"de\",\"@id\":\"https:\/\/www.vergleich-bausparen.de\/de\/#\/schema\/logo\/image\/\",\"url\":\"https:\/\/www.vergleich-bausparen.de\/de\/wp-content\/uploads\/2016\/02\/logo-1.png\",\"contentUrl\":\"https:\/\/www.vergleich-bausparen.de\/de\/wp-content\/uploads\/2016\/02\/logo-1.png\",\"width\":362,\"height\":53,\"caption\":\"Vergleich Bausparen & Baufinanzierung\"},\"image\":{\"@id\":\"https:\/\/www.vergleich-bausparen.de\/de\/#\/schema\/logo\/image\/\"},\"sameAs\":[\"https:\/\/www.facebook.com\/vergleichbausparen\/\",\"https:\/\/x.com\/Bausparen24\"]}]}<\/script>\n<!-- \/ Yoast SEO Premium plugin. -->","yoast_head_json":{"title":"Downloads - Serviceformulare der Bausparkassen","description":"Downloads\u00a0Flyer Brosch\u00fcren und Serviceformulare der Bausparkassen und Banken. Informationen und Vertrags\u00e4nderungen f\u00fcr unsere Kunden.","robots":{"index":"index","follow":"follow","max-snippet":"max-snippet:-1","max-image-preview":"max-image-preview:large","max-video-preview":"max-video-preview:-1"},"canonical":"https:\/\/www.vergleich-bausparen.de\/de\/downloads\/","og_locale":"de_DE","og_type":"article","og_title":"Downloads - Serviceformulare der Bausparkassen","og_description":"Downloads\u00a0Flyer Brosch\u00fcren und Serviceformulare der Bausparkassen und Banken. Informationen und Vertrags\u00e4nderungen f\u00fcr unsere Kunden.","og_url":"https:\/\/www.vergleich-bausparen.de\/de\/downloads\/","og_site_name":"Vergleich Bausparen &amp; Baufinanzierung","article_publisher":"https:\/\/www.facebook.com\/vergleichbausparen\/","article_modified_time":"2023-09-28T10:30:46+00:00","twitter_card":"summary_large_image","twitter_site":"@Bausparen24","twitter_misc":{"Gesch\u00e4tzte Lesezeit":"1\u00a0Minute"},"schema":{"@context":"https:\/\/schema.org","@graph":[{"@type":"WebPage","@id":"https:\/\/www.vergleich-bausparen.de\/de\/downloads\/","url":"https:\/\/www.vergleich-bausparen.de\/de\/downloads\/","name":"Downloads - Serviceformulare der Bausparkassen","isPartOf":{"@id":"https:\/\/www.vergleich-bausparen.de\/de\/#website"},"datePublished":"2016-11-04T10:51:35+00:00","dateModified":"2023-09-28T10:30:46+00:00","description":"Downloads\u00a0Flyer Brosch\u00fcren und Serviceformulare der Bausparkassen und Banken. Informationen und Vertrags\u00e4nderungen f\u00fcr unsere Kunden.","breadcrumb":{"@id":"https:\/\/www.vergleich-bausparen.de\/de\/downloads\/#breadcrumb"},"inLanguage":"de","potentialAction":[{"@type":"ReadAction","target":["https:\/\/www.vergleich-bausparen.de\/de\/downloads\/"]}]},{"@type":"BreadcrumbList","@id":"https:\/\/www.vergleich-bausparen.de\/de\/downloads\/#breadcrumb","itemListElement":[{"@type":"ListItem","position":1,"name":"Home","item":"https:\/\/www.vergleich-bausparen.de\/de\/"},{"@type":"ListItem","position":2,"name":"Downloads &#8211; Serviceformulare der Bausparkassen"}]},{"@type":"WebSite","@id":"https:\/\/www.vergleich-bausparen.de\/de\/#website","url":"https:\/\/www.vergleich-bausparen.de\/de\/","name":"Vergleich Bausparen &amp; Baufinanzierung","description":"Bausparvertr\u00e4ge f\u00fcr Sparrer oder Finanzierer einfach online vergleichen - Vergleich Baufinanzierung unverbindlich anfordern und \u00fcber 450 Banken vergleichen.","publisher":{"@id":"https:\/\/www.vergleich-bausparen.de\/de\/#organization"},"potentialAction":[{"@type":"SearchAction","target":{"@type":"EntryPoint","urlTemplate":"https:\/\/www.vergleich-bausparen.de\/de\/?s={search_term_string}"},"query-input":{"@type":"PropertyValueSpecification","valueRequired":true,"valueName":"search_term_string"}}],"inLanguage":"de"},{"@type":"Organization","@id":"https:\/\/www.vergleich-bausparen.de\/de\/#organization","name":"Vergleich Bausparen & Baufinanzierung","url":"https:\/\/www.vergleich-bausparen.de\/de\/","logo":{"@type":"ImageObject","inLanguage":"de","@id":"https:\/\/www.vergleich-bausparen.de\/de\/#\/schema\/logo\/image\/","url":"https:\/\/www.vergleich-bausparen.de\/de\/wp-content\/uploads\/2016\/02\/logo-1.png","contentUrl":"https:\/\/www.vergleich-bausparen.de\/de\/wp-content\/uploads\/2016\/02\/logo-1.png","width":362,"height":53,"caption":"Vergleich Bausparen & Baufinanzierung"},"image":{"@id":"https:\/\/www.vergleich-bausparen.de\/de\/#\/schema\/logo\/image\/"},"sameAs":["https:\/\/www.facebook.com\/vergleichbausparen\/","https:\/\/x.com\/Bausparen24"]}]}},"_links":{"self":[{"href":"https:\/\/www.vergleich-bausparen.de\/de\/wp-json\/wp\/v2\/pages\/504","targetHints":{"allow":["GET"]}}],"collection":[{"href":"https:\/\/www.vergleich-bausparen.de\/de\/wp-json\/wp\/v2\/pages"}],"about":[{"href":"https:\/\/www.vergleich-bausparen.de\/de\/wp-json\/wp\/v2\/types\/page"}],"author":[{"embeddable":true,"href":"https:\/\/www.vergleich-bausparen.de\/de\/wp-json\/wp\/v2\/users\/4"}],"replies":[{"embeddable":true,"href":"https:\/\/www.vergleich-bausparen.de\/de\/wp-json\/wp\/v2\/comments?post=504"}],"version-history":[{"count":5,"href":"https:\/\/www.vergleich-bausparen.de\/de\/wp-json\/wp\/v2\/pages\/504\/revisions"}],"predecessor-version":[{"id":663,"href":"https:\/\/www.vergleich-bausparen.de\/de\/wp-json\/wp\/v2\/pages\/504\/revisions\/663"}],"wp:attachment":[{"href":"https:\/\/www.vergleich-bausparen.de\/de\/wp-json\/wp\/v2\/media?parent=504"}],"curies":[{"name":"wp","href":"https:\/\/api.w.org\/{rel}","templated":true}]}}