{"id":975,"date":"2023-10-17T18:37:17","date_gmt":"2023-10-17T18:37:17","guid":{"rendered":"https:\/\/www.vergleich-bausparen.de\/de\/?page_id=975"},"modified":"2023-10-17T18:37:17","modified_gmt":"2023-10-17T18:37:17","slug":"vl-depot-antrag","status":"publish","type":"page","link":"https:\/\/www.vergleich-bausparen.de\/de\/vl-depot-antrag\/","title":{"rendered":"VL-Depot Antrag"},"content":{"rendered":"<section class=\"wpb-content-wrapper\"><p>[vc_row content_placement=&#8220;top&#8220; wrap_container=&#8220;yes&#8220; is_section=&#8220;yes&#8220; section_skin=&#8220;parallax&#8220; remove_margin_top=&#8220;yes&#8220; remove_margin_bottom=&#8220;yes&#8220; remove_border=&#8220;yes&#8220;][vc_column width=&#8220;3\/4&#8243;][vc_column_text]Beginnen Sie Ihre finanzielle Reise jetzt! Mit dem Online-Depot-Antrag sind Sie nur wenige Schritte von der Investitionswelt entfernt. Unkompliziert, z\u00fcgig und voll digital \u2013 starten Sie noch heute.[\/vc_column_text][vc_tabs position=&#8220;top-justify&#8220; skin=&#8220;primary&#8220;][vc_tab title=&#8220;In wenigen Schritten zu Ihrem Managed Depot&#8220; tab_id=&#8220;9da87914-d270-3&#8243;][vc_raw_js]JTNDZGl2JTIwaWQlM0QlMjJ6Zl9kaXZfdUVRdHFXdm5qanRqUTN3c1dSV0k1S2VNVXVKUm1IWE01ZlM3VkhVbnFxSSUyMiUzRSUzQyUyRmRpdiUzRSUzQ3NjcmlwdCUyMHR5cGUlM0QlMjJ0ZXh0JTJGamF2YXNjcmlwdCUyMiUzRSUyOGZ1bmN0aW9uJTI4JTI5JTIwJTdCJTBBdHJ5JTdCJTBBdmFyJTIwZiUyMCUzRCUyMGRvY3VtZW50LmNyZWF0ZUVsZW1lbnQlMjglMjJpZnJhbWUlMjIlMjklM0IlMEFmLnNyYyUyMCUzRCUyMCUyN2h0dHBzJTNBJTJGJTJGZm9ybXMuZmluYW56bWFuYWdlcjI0LmRlJTJGZm0yNCUyRmZvcm0lMkZWTERlcG90JTJGZm9ybXBlcm1hJTJGdUVRdHFXdm5qanRqUTN3c1dSV0k1S2VNVXVKUm1IWE01ZlM3VkhVbnFxSSUzRnpmX3JzemZtJTNEMSUyNyUzQiUwQWYuc3R5bGUuYm9yZGVyJTNEJTIybm9uZSUyMiUzQiUwQWYuc3R5bGUuaGVpZ2h0JTNEJTIyNTA3cHglMjIlM0IlMEFmLnN0eWxlLndpZHRoJTNEJTIyOTAlMjUlMjIlM0IlMEFmLnN0eWxlLnRyYW5zaXRpb24lM0QlMjJhbGwlMjAwLjVzJTIwZWFzZSUyMiUzQiUwQSUwQXZhciUyMGQlMjAlM0QlMjBkb2N1bWVudC5nZXRFbGVtZW50QnlJZCUyOCUyMnpmX2Rpdl91RVF0cVd2bmpqdGpRM3dzV1JXSTVLZU1VdUpSbUhYTTVmUzdWSFVucXFJJTIyJTI5JTNCJTBBZC5hcHBlbmRDaGlsZCUyOGYlMjklM0IlMEF3aW5kb3cuYWRkRXZlbnRMaXN0ZW5lciUyOCUyN21lc3NhZ2UlMjclMkMlMjBmdW5jdGlvbiUyMCUyOCUyOSU3QiUwQXZhciUyMGV2bnREYXRhJTIwJTNEJTIwZXZlbnQuZGF0YSUzQiUwQWlmJTI4JTIwZXZudERhdGElMjAlMjYlMjYlMjBldm50RGF0YS5jb25zdHJ1Y3RvciUyMCUzRCUzRCUyMFN0cmluZyUyMCUyOSU3QiUwQXZhciUyMHpmX2lmcm1fZGF0YSUyMCUzRCUyMGV2bnREYXRhLnNwbGl0JTI4JTIyJTdDJTIyJTI5JTNCJTBBaWYlMjAlMjglMjB6Zl9pZnJtX2RhdGEubGVuZ3RoJTIwJTNEJTNEJTIwMiUyMCUyOSUyMCU3QiUwQXZhciUyMHpmX3Blcm1hJTIwJTNEJTIwemZfaWZybV9kYXRhJTVCMCU1RCUzQiUwQXZhciUyMHpmX2lmcm1faHRfbnclMjAlM0QlMjAlMjglMjBwYXJzZUludCUyOHpmX2lmcm1fZGF0YSU1QjElNUQlMkMlMjAxMCUyOSUyMCUyQiUyMDE1JTIwJTI5JTIwJTJCJTIwJTIycHglMjIlM0IlMEF2YXIlMjBpZnJhbWUlMjAlM0QlMjBkb2N1bWVudC5nZXRFbGVtZW50QnlJZCUyOCUyMnpmX2Rpdl91RVF0cVd2bmpqdGpRM3dzV1JXSTVLZU1VdUpSbUhYTTVmUzdWSFVucXFJJTIyJTI5LmdldEVsZW1lbnRzQnlUYWdOYW1lJTI4JTIyaWZyYW1lJTIyJTI5JTVCMCU1RCUzQiUwQWlmJTIwJTI4JTIwJTI4aWZyYW1lLnNyYyUyOS5pbmRleE9mJTI4JTI3Zm9ybXBlcm1hJTI3JTI5JTIwJTNFJTIwMCUyMCUyNiUyNiUyMCUyOGlmcmFtZS5zcmMlMjkuaW5kZXhPZiUyOHpmX3Blcm1hJTI5JTIwJTNFJTIwMCUyMCUyOSUyMCU3QiUwQXZhciUyMHByZXZJZnJhbWVIZWlnaHQlMjAlM0QlMjBpZnJhbWUuc3R5bGUuaGVpZ2h0JTNCJTBBaWYlMjAlMjglMjBwcmV2SWZyYW1lSGVpZ2h0JTIwJTIxJTNEJTIwemZfaWZybV9odF9udyUyMCUyOSUyMCU3QiUwQWlmcmFtZS5zdHlsZS5oZWlnaHQlMjAlM0QlMjB6Zl9pZnJtX2h0X253JTNCJTBBJTdEJTBBJTdEJTBBJTdEJTBBJTdEJTBBJTdEJTJDJTIwZmFsc2UlMjklM0IlMEElN0RjYXRjaCUyOGUlMjklN0IlN0QlMEElN0QlMjklMjglMjklM0IlM0MlMkZzY3JpcHQlM0U=[\/vc_raw_js][\/vc_tab][vc_tab title=&#8220;Downloads&#8220; tab_id=&#8220;1692612245372-1-5&#8243;][vc_raw_html]JTNDaWZyYW1lJTIwc3JjJTNEJTIyaHR0cHMlM0ElMkYlMkZ3b3JrZHJpdmUuZmluYW56bWFuYWdlcjI0LmRlJTJGZW1iZWQlMkY4ZjQ0ZDc4NzNkOTRlZmJhNzQwODQ4MGJkMTdhYzQ4OTczNjZjJTNGdG9vbGJhciUzRGZhbHNlJTI2bGF5b3V0JTNEZ3JpZCUyNmFwcGVhcmFuY2UlM0RsaWdodCUyNnRoZW1lY29sb3IlM0RncmVlbiUyMiUyMHNjcm9sbGluZyUzRCUyMm5vJTIyJTIwZnJhbWVib3JkZXIlM0QlMjIwJTIyJTIwYWxsb3dmdWxsc2NyZWVuJTNEdHJ1ZSUyMHdpZHRoJTNEJTIyODAwJTIyJTIwaGVpZ2h0JTNEJTIyNTIwJTIyJTIwJTNFJTNDJTJGaWZyYW1lJTNF[\/vc_raw_html][\/vc_tab][\/vc_tabs][\/vc_column][vc_column width=&#8220;1\/4&#8243;]<div class=\"porto-toggles wpb_content_element  toggle-primary\" data-view=\"one-toggle\">[vc_toggle title=&#8220;Haben Sie Fragen zum Depotantrag?&#8220; open=&#8220;true&#8220;]<span style=\"vertical-align: inherit;\"><span style=\"vertical-align: inherit;\"><span style=\"vertical-align: inherit;\"><span style=\"vertical-align: inherit;\">Rufen Sie uns kostenfrei an und lassen Sie sich beraten.<\/span><\/span><\/span><\/span><strong>Telefon (0800) 80 800 24<\/strong>[\/vc_toggle]<\/div>[\/vc_column][\/vc_row][vc_row content_placement=&#8220;top&#8220; wrap_container=&#8220;yes&#8220; is_section=&#8220;yes&#8220; section_skin=&#8220;parallax&#8220; remove_margin_top=&#8220;yes&#8220; remove_margin_bottom=&#8220;yes&#8220; remove_border=&#8220;yes&#8220;][vc_column][vc_cta h2=&#8220;Haben Sie Fragen zum Thema VL-Sparen?&#8220; h4=&#8220;Buchen Sie kostenfrei eine Beratung zum Wunschtermin&#8220; add_button=&#8220;bottom&#8220; btn_title=&#8220;Jetzt Beratungstermin buchen&#8220; btn_color=&#8220;primary&#8220; btn_skin=&#8220;primary&#8220; btn_link=&#8220;url:https%3A%2F%2Fwww.vergleich-bausparen.de%2Fde%2Fberatungstermin%2F|title:Jetzt%20Beratungstermin%20buchen&#8220;][\/vc_cta][\/vc_column][\/vc_row]<\/p>\n<\/section>","protected":false},"excerpt":{"rendered":"<p>[vc_row content_placement=&#8220;top&#8220; wrap_container=&#8220;yes&#8220; is_section=&#8220;yes&#8220; section_skin=&#8220;parallax&#8220; remove_margin_top=&#8220;yes&#8220; remove_margin_bottom=&#8220;yes&#8220; remove_border=&#8220;yes&#8220;][vc_column width=&#8220;3\/4&#8243;][vc_column_text]Beginnen Sie Ihre finanzielle Reise jetzt! Mit dem Online-Depot-Antrag sind Sie nur wenige Schritte von der Investitionswelt entfernt. Unkompliziert, z\u00fcgig und voll digital \u2013 starten Sie noch heute.[\/vc_column_text][vc_tabs position=&#8220;top-justify&#8220; skin=&#8220;primary&#8220;][vc_tab title=&#8220;In wenigen Schritten zu Ihrem Managed Depot&#8220; tab_id=&#8220;9da87914-d270-3&#8243;][vc_raw_js]JTNDZGl2JTIwaWQlM0QlMjJ6Zl9kaXZfdUVRdHFXdm5qanRqUTN3c1dSV0k1S2VNVXVKUm1IWE01ZlM3VkhVbnFxSSUyMiUzRSUzQyUyRmRpdiUzRSUzQ3NjcmlwdCUyMHR5cGUlM0QlMjJ0ZXh0JTJGamF2YXNjcmlwdCUyMiUzRSUyOGZ1bmN0aW9uJTI4JTI5JTIwJTdCJTBBdHJ5JTdCJTBBdmFyJTIwZiUyMCUzRCUyMGRvY3VtZW50LmNyZWF0ZUVsZW1lbnQlMjglMjJpZnJhbWUlMjIlMjklM0IlMEFmLnNyYyUyMCUzRCUyMCUyN2h0dHBzJTNBJTJGJTJGZm9ybXMuZmluYW56bWFuYWdlcjI0LmRlJTJGZm0yNCUyRmZvcm0lMkZWTERlcG90JTJGZm9ybXBlcm1hJTJGdUVRdHFXdm5qanRqUTN3c1dSV0k1S2VNVXVKUm1IWE01ZlM3VkhVbnFxSSUzRnpmX3JzemZtJTNEMSUyNyUzQiUwQWYuc3R5bGUuYm9yZGVyJTNEJTIybm9uZSUyMiUzQiUwQWYuc3R5bGUuaGVpZ2h0JTNEJTIyNTA3cHglMjIlM0IlMEFmLnN0eWxlLndpZHRoJTNEJTIyOTAlMjUlMjIlM0IlMEFmLnN0eWxlLnRyYW5zaXRpb24lM0QlMjJhbGwlMjAwLjVzJTIwZWFzZSUyMiUzQiUwQSUwQXZhciUyMGQlMjAlM0QlMjBkb2N1bWVudC5nZXRFbGVtZW50QnlJZCUyOCUyMnpmX2Rpdl91RVF0cVd2bmpqdGpRM3dzV1JXSTVLZU1VdUpSbUhYTTVmUzdWSFVucXFJJTIyJTI5JTNCJTBBZC5hcHBlbmRDaGlsZCUyOGYlMjklM0IlMEF3aW5kb3cuYWRkRXZlbnRMaXN0ZW5lciUyOCUyN21lc3NhZ2UlMjclMkMlMjBmdW5jdGlvbiUyMCUyOCUyOSU3QiUwQXZhciUyMGV2bnREYXRhJTIwJTNEJTIwZXZlbnQuZGF0YSUzQiUwQWlmJTI4JTIwZXZudERhdGElMjAlMjYlMjYlMjBldm50RGF0YS5jb25zdHJ1Y3RvciUyMCUzRCUzRCUyMFN0cmluZyUyMCUyOSU3QiUwQXZhciUyMHpmX2lmcm1fZGF0YSUyMCUzRCUyMGV2bnREYXRhLnNwbGl0JTI4JTIyJTdDJTIyJTI5JTNCJTBBaWYlMjAlMjglMjB6Zl9pZnJtX2RhdGEubGVuZ3RoJTIwJTNEJTNEJTIwMiUyMCUyOSUyMCU3QiUwQXZhciUyMHpmX3Blcm1hJTIwJTNEJTIwemZfaWZybV9kYXRhJTVCMCU1RCUzQiUwQXZhciUyMHpmX2lmcm1faHRfbnclMjAlM0QlMjAlMjglMjBwYXJzZUludCUyOHpmX2lmcm1fZGF0YSU1QjElNUQlMkMlMjAxMCUyOSUyMCUyQiUyMDE1JTIwJTI5JTIwJTJCJTIwJTIycHglMjIlM0IlMEF2YXIlMjBpZnJhbWUlMjAlM0QlMjBkb2N1bWVudC5nZXRFbGVtZW50QnlJZCUyOCUyMnpmX2Rpdl91RVF0cVd2bmpqdGpRM3dzV1JXSTVLZU1VdUpSbUhYTTVmUzdWSFVucXFJJTIyJTI5LmdldEVsZW1lbnRzQnlUYWdOYW1lJTI4JTIyaWZyYW1lJTIyJTI5JTVCMCU1RCUzQiUwQWlmJTIwJTI4JTIwJTI4aWZyYW1lLnNyYyUyOS5pbmRleE9mJTI4JTI3Zm9ybXBlcm1hJTI3JTI5JTIwJTNFJTIwMCUyMCUyNiUyNiUyMCUyOGlmcmFtZS5zcmMlMjkuaW5kZXhPZiUyOHpmX3Blcm1hJTI5JTIwJTNFJTIwMCUyMCUyOSUyMCU3QiUwQXZhciUyMHByZXZJZnJhbWVIZWlnaHQlMjAlM0QlMjBpZnJhbWUuc3R5bGUuaGVpZ2h0JTNCJTBBaWYlMjAlMjglMjBwcmV2SWZyYW1lSGVpZ2h0JTIwJTIxJTNEJTIwemZfaWZybV9odF9udyUyMCUyOSUyMCU3QiUwQWlmcmFtZS5zdHlsZS5oZWlnaHQlMjAlM0QlMjB6Zl9pZnJtX2h0X253JTNCJTBBJTdEJTBBJTdEJTBBJTdEJTBBJTdEJTBBJTdEJTJDJTIwZmFsc2UlMjklM0IlMEElN0RjYXRjaCUyOGUlMjklN0IlN0QlMEElN0QlMjklMjglMjklM0IlM0MlMkZzY3JpcHQlM0U=[\/vc_raw_js][\/vc_tab][vc_tab title=&#8220;Downloads&#8220; tab_id=&#8220;1692612245372-1-5&#8243;][vc_raw_html]JTNDaWZyYW1lJTIwc3JjJTNEJTIyaHR0cHMlM0ElMkYlMkZ3b3JrZHJpdmUuZmluYW56bWFuYWdlcjI0LmRlJTJGZW1iZWQlMkY4ZjQ0ZDc4NzNkOTRlZmJhNzQwODQ4MGJkMTdhYzQ4OTczNjZjJTNGdG9vbGJhciUzRGZhbHNlJTI2bGF5b3V0JTNEZ3JpZCUyNmFwcGVhcmFuY2UlM0RsaWdodCUyNnRoZW1lY29sb3IlM0RncmVlbiUyMiUyMHNjcm9sbGluZyUzRCUyMm5vJTIyJTIwZnJhbWVib3JkZXIlM0QlMjIwJTIyJTIwYWxsb3dmdWxsc2NyZWVuJTNEdHJ1ZSUyMHdpZHRoJTNEJTIyODAwJTIyJTIwaGVpZ2h0JTNEJTIyNTIwJTIyJTIwJTNFJTNDJTJGaWZyYW1lJTNF[\/vc_raw_html][\/vc_tab][\/vc_tabs][\/vc_column][vc_column width=&#8220;1\/4&#8243;][\/vc_column][\/vc_row][vc_row content_placement=&#8220;top&#8220; wrap_container=&#8220;yes&#8220; is_section=&#8220;yes&#8220; section_skin=&#8220;parallax&#8220; remove_margin_top=&#8220;yes&#8220; remove_margin_bottom=&#8220;yes&#8220; [&hellip;]<\/p>\n","protected":false},"author":2,"featured_media":0,"parent":0,"menu_order":0,"comment_status":"closed","ping_status":"closed","template":"","meta":{"footnotes":""},"class_list":["post-975","page","type-page","status-publish","hentry"],"yoast_head":"<!-- This site is optimized with the Yoast SEO Premium plugin v19.6 (Yoast SEO v26.5) - https:\/\/yoast.com\/wordpress\/plugins\/seo\/ -->\n<title>VL-Depot Antrag | Finanzmanager24<\/title>\n<meta name=\"description\" content=\"Beginnen Sie Ihre finanzielle Reise jetzt! Mit dem Online-Depot-Antrag sind Sie nur wenige Schritte von der Investitionswelt entfernt.\" \/>\n<meta name=\"robots\" content=\"index, follow, max-snippet:-1, max-image-preview:large, max-video-preview:-1\" \/>\n<link rel=\"canonical\" href=\"https:\/\/www.vergleich-bausparen.de\/de\/vl-depot-antrag\/\" \/>\n<meta property=\"og:locale\" content=\"de_DE\" \/>\n<meta property=\"og:type\" content=\"article\" \/>\n<meta property=\"og:title\" content=\"VL-Depot Antrag\" \/>\n<meta property=\"og:description\" content=\"Beginnen Sie Ihre finanzielle Reise jetzt! Mit dem Online-Depot-Antrag sind Sie nur wenige Schritte von der Investitionswelt entfernt.\" \/>\n<meta property=\"og:url\" content=\"https:\/\/www.vergleich-bausparen.de\/de\/vl-depot-antrag\/\" \/>\n<meta property=\"og:site_name\" content=\"Vergleich Bausparen &amp; Baufinanzierung\" \/>\n<meta property=\"article:publisher\" content=\"https:\/\/www.facebook.com\/vergleichbausparen\/\" \/>\n<meta name=\"twitter:card\" content=\"summary_large_image\" \/>\n<meta name=\"twitter:site\" content=\"@Bausparen24\" \/>\n<meta name=\"twitter:label1\" content=\"Gesch\u00e4tzte Lesezeit\" \/>\n\t<meta name=\"twitter:data1\" content=\"1\u00a0Minute\" \/>\n<script type=\"application\/ld+json\" class=\"yoast-schema-graph\">{\"@context\":\"https:\/\/schema.org\",\"@graph\":[{\"@type\":\"WebPage\",\"@id\":\"https:\/\/www.vergleich-bausparen.de\/de\/vl-depot-antrag\/\",\"url\":\"https:\/\/www.vergleich-bausparen.de\/de\/vl-depot-antrag\/\",\"name\":\"VL-Depot Antrag | Finanzmanager24\",\"isPartOf\":{\"@id\":\"https:\/\/www.vergleich-bausparen.de\/de\/#website\"},\"datePublished\":\"2023-10-17T18:37:17+00:00\",\"description\":\"Beginnen Sie Ihre finanzielle Reise jetzt! Mit dem Online-Depot-Antrag sind Sie nur wenige Schritte von der Investitionswelt entfernt.\",\"breadcrumb\":{\"@id\":\"https:\/\/www.vergleich-bausparen.de\/de\/vl-depot-antrag\/#breadcrumb\"},\"inLanguage\":\"de\",\"potentialAction\":[{\"@type\":\"ReadAction\",\"target\":[\"https:\/\/www.vergleich-bausparen.de\/de\/vl-depot-antrag\/\"]}]},{\"@type\":\"BreadcrumbList\",\"@id\":\"https:\/\/www.vergleich-bausparen.de\/de\/vl-depot-antrag\/#breadcrumb\",\"itemListElement\":[{\"@type\":\"ListItem\",\"position\":1,\"name\":\"Home\",\"item\":\"https:\/\/www.vergleich-bausparen.de\/de\/\"},{\"@type\":\"ListItem\",\"position\":2,\"name\":\"VL-Depot Antrag\"}]},{\"@type\":\"WebSite\",\"@id\":\"https:\/\/www.vergleich-bausparen.de\/de\/#website\",\"url\":\"https:\/\/www.vergleich-bausparen.de\/de\/\",\"name\":\"Vergleich Bausparen &amp; Baufinanzierung\",\"description\":\"Bausparvertr\u00e4ge f\u00fcr Sparrer oder Finanzierer einfach online vergleichen - Vergleich Baufinanzierung unverbindlich anfordern und \u00fcber 450 Banken vergleichen.\",\"publisher\":{\"@id\":\"https:\/\/www.vergleich-bausparen.de\/de\/#organization\"},\"potentialAction\":[{\"@type\":\"SearchAction\",\"target\":{\"@type\":\"EntryPoint\",\"urlTemplate\":\"https:\/\/www.vergleich-bausparen.de\/de\/?s={search_term_string}\"},\"query-input\":{\"@type\":\"PropertyValueSpecification\",\"valueRequired\":true,\"valueName\":\"search_term_string\"}}],\"inLanguage\":\"de\"},{\"@type\":\"Organization\",\"@id\":\"https:\/\/www.vergleich-bausparen.de\/de\/#organization\",\"name\":\"Vergleich Bausparen & Baufinanzierung\",\"url\":\"https:\/\/www.vergleich-bausparen.de\/de\/\",\"logo\":{\"@type\":\"ImageObject\",\"inLanguage\":\"de\",\"@id\":\"https:\/\/www.vergleich-bausparen.de\/de\/#\/schema\/logo\/image\/\",\"url\":\"https:\/\/www.vergleich-bausparen.de\/de\/wp-content\/uploads\/2016\/02\/logo-1.png\",\"contentUrl\":\"https:\/\/www.vergleich-bausparen.de\/de\/wp-content\/uploads\/2016\/02\/logo-1.png\",\"width\":362,\"height\":53,\"caption\":\"Vergleich Bausparen & Baufinanzierung\"},\"image\":{\"@id\":\"https:\/\/www.vergleich-bausparen.de\/de\/#\/schema\/logo\/image\/\"},\"sameAs\":[\"https:\/\/www.facebook.com\/vergleichbausparen\/\",\"https:\/\/x.com\/Bausparen24\"]}]}<\/script>\n<!-- \/ Yoast SEO Premium plugin. -->","yoast_head_json":{"title":"VL-Depot Antrag | Finanzmanager24","description":"Beginnen Sie Ihre finanzielle Reise jetzt! Mit dem Online-Depot-Antrag sind Sie nur wenige Schritte von der Investitionswelt entfernt.","robots":{"index":"index","follow":"follow","max-snippet":"max-snippet:-1","max-image-preview":"max-image-preview:large","max-video-preview":"max-video-preview:-1"},"canonical":"https:\/\/www.vergleich-bausparen.de\/de\/vl-depot-antrag\/","og_locale":"de_DE","og_type":"article","og_title":"VL-Depot Antrag","og_description":"Beginnen Sie Ihre finanzielle Reise jetzt! Mit dem Online-Depot-Antrag sind Sie nur wenige Schritte von der Investitionswelt entfernt.","og_url":"https:\/\/www.vergleich-bausparen.de\/de\/vl-depot-antrag\/","og_site_name":"Vergleich Bausparen &amp; Baufinanzierung","article_publisher":"https:\/\/www.facebook.com\/vergleichbausparen\/","twitter_card":"summary_large_image","twitter_site":"@Bausparen24","twitter_misc":{"Gesch\u00e4tzte Lesezeit":"1\u00a0Minute"},"schema":{"@context":"https:\/\/schema.org","@graph":[{"@type":"WebPage","@id":"https:\/\/www.vergleich-bausparen.de\/de\/vl-depot-antrag\/","url":"https:\/\/www.vergleich-bausparen.de\/de\/vl-depot-antrag\/","name":"VL-Depot Antrag | Finanzmanager24","isPartOf":{"@id":"https:\/\/www.vergleich-bausparen.de\/de\/#website"},"datePublished":"2023-10-17T18:37:17+00:00","description":"Beginnen Sie Ihre finanzielle Reise jetzt! Mit dem Online-Depot-Antrag sind Sie nur wenige Schritte von der Investitionswelt entfernt.","breadcrumb":{"@id":"https:\/\/www.vergleich-bausparen.de\/de\/vl-depot-antrag\/#breadcrumb"},"inLanguage":"de","potentialAction":[{"@type":"ReadAction","target":["https:\/\/www.vergleich-bausparen.de\/de\/vl-depot-antrag\/"]}]},{"@type":"BreadcrumbList","@id":"https:\/\/www.vergleich-bausparen.de\/de\/vl-depot-antrag\/#breadcrumb","itemListElement":[{"@type":"ListItem","position":1,"name":"Home","item":"https:\/\/www.vergleich-bausparen.de\/de\/"},{"@type":"ListItem","position":2,"name":"VL-Depot Antrag"}]},{"@type":"WebSite","@id":"https:\/\/www.vergleich-bausparen.de\/de\/#website","url":"https:\/\/www.vergleich-bausparen.de\/de\/","name":"Vergleich Bausparen &amp; Baufinanzierung","description":"Bausparvertr\u00e4ge f\u00fcr Sparrer oder Finanzierer einfach online vergleichen - Vergleich Baufinanzierung unverbindlich anfordern und \u00fcber 450 Banken vergleichen.","publisher":{"@id":"https:\/\/www.vergleich-bausparen.de\/de\/#organization"},"potentialAction":[{"@type":"SearchAction","target":{"@type":"EntryPoint","urlTemplate":"https:\/\/www.vergleich-bausparen.de\/de\/?s={search_term_string}"},"query-input":{"@type":"PropertyValueSpecification","valueRequired":true,"valueName":"search_term_string"}}],"inLanguage":"de"},{"@type":"Organization","@id":"https:\/\/www.vergleich-bausparen.de\/de\/#organization","name":"Vergleich Bausparen & Baufinanzierung","url":"https:\/\/www.vergleich-bausparen.de\/de\/","logo":{"@type":"ImageObject","inLanguage":"de","@id":"https:\/\/www.vergleich-bausparen.de\/de\/#\/schema\/logo\/image\/","url":"https:\/\/www.vergleich-bausparen.de\/de\/wp-content\/uploads\/2016\/02\/logo-1.png","contentUrl":"https:\/\/www.vergleich-bausparen.de\/de\/wp-content\/uploads\/2016\/02\/logo-1.png","width":362,"height":53,"caption":"Vergleich Bausparen & Baufinanzierung"},"image":{"@id":"https:\/\/www.vergleich-bausparen.de\/de\/#\/schema\/logo\/image\/"},"sameAs":["https:\/\/www.facebook.com\/vergleichbausparen\/","https:\/\/x.com\/Bausparen24"]}]}},"_links":{"self":[{"href":"https:\/\/www.vergleich-bausparen.de\/de\/wp-json\/wp\/v2\/pages\/975","targetHints":{"allow":["GET"]}}],"collection":[{"href":"https:\/\/www.vergleich-bausparen.de\/de\/wp-json\/wp\/v2\/pages"}],"about":[{"href":"https:\/\/www.vergleich-bausparen.de\/de\/wp-json\/wp\/v2\/types\/page"}],"author":[{"embeddable":true,"href":"https:\/\/www.vergleich-bausparen.de\/de\/wp-json\/wp\/v2\/users\/2"}],"replies":[{"embeddable":true,"href":"https:\/\/www.vergleich-bausparen.de\/de\/wp-json\/wp\/v2\/comments?post=975"}],"version-history":[{"count":2,"href":"https:\/\/www.vergleich-bausparen.de\/de\/wp-json\/wp\/v2\/pages\/975\/revisions"}],"predecessor-version":[{"id":980,"href":"https:\/\/www.vergleich-bausparen.de\/de\/wp-json\/wp\/v2\/pages\/975\/revisions\/980"}],"wp:attachment":[{"href":"https:\/\/www.vergleich-bausparen.de\/de\/wp-json\/wp\/v2\/media?parent=975"}],"curies":[{"name":"wp","href":"https:\/\/api.w.org\/{rel}","templated":true}]}}